{"id":5013,"date":"2024-05-25T15:27:04","date_gmt":"2024-05-25T18:27:04","guid":{"rendered":"https:\/\/braziloffbeat.com\/destinos\/"},"modified":"2026-01-14T16:20:35","modified_gmt":"2026-01-14T19:20:35","slug":"destinos","status":"publish","type":"page","link":"https:\/\/braziloffbeat.com\/es\/destinos\/","title":{"rendered":"Destinos"},"content":{"rendered":"\n<div class=\"wp-block-uagb-container uagb-block-d52b6b9a alignfull uagb-is-root-container\"><div class=\"uagb-container-inner-blocks-wrap\">\n<div class=\"wp-block-uagb-advanced-heading uagb-block-751ff93e\"><h1 class=\"uagb-heading-text\"><strong>Destinos<\/strong><\/h1><\/div>\n<\/div><\/div>\n\n<div class=\"wp-block-uagb-container uagb-block-bf7d21ee alignfull uagb-is-root-container\"><div class=\"uagb-container-inner-blocks-wrap\">\n<div class=\"wp-block-uagb-advanced-heading uagb-block-b0abcbfb\"><h2 class=\"uagb-heading-text\">\u00abExplore las maravillas de Brasil\u00bb<\/h2><div class=\"uagb-separator\"><\/div><\/div>\n\n\n\n<div class=\"wp-block-uagb-container uagb-block-50ec9edb\">\n<div class=\"wp-block-uagb-container uagb-block-25a2e1dc\">\n<div class=\"wp-block-uagb-image uagb-block-2b58bfa4 wp-block-uagb-image--layout-default wp-block-uagb-image--effect-static wp-block-uagb-image--align-none\"><figure class=\"wp-block-uagb-image__figure\"><a class=\"\" href=\"https:\/\/braziloffbeat.com\/es\/blogs-de-viaje-sobre-rio-de-janeiro\/\" target=\"_blank\" rel=\"noreferrer noopener\"><img decoding=\"async\" srcset=\"https:\/\/braziloffbeat.com\/wp-content\/uploads\/2024\/06\/Rio-de-Janeiro-bondinho-1.jpg ,https:\/\/braziloffbeat.com\/wp-content\/uploads\/2024\/06\/Rio-de-Janeiro-bondinho-1.jpg 780w, https:\/\/braziloffbeat.com\/wp-content\/uploads\/2024\/06\/Rio-de-Janeiro-bondinho-1.jpg 360w\" sizes=\"auto, (max-width: 480px) 150px\" src=\"https:\/\/braziloffbeat.com\/wp-content\/uploads\/2024\/06\/Rio-de-Janeiro-bondinho-1.jpg\" alt=\"Bondinho en R\u00edo de Janeiro al atardecer\" class=\"uag-image-3167\" width=\"500\" height=\"427\" title=\"R\u00edo de Janeiro - bondinho 1\" loading=\"lazy\" role=\"img\"><\/a><\/figure><\/div>\n\n\n\n<div class=\"wp-block-uagb-advanced-heading uagb-block-be8465d5\"><h3 class=\"uagb-heading-text\"><a href=\"https:\/\/braziloffbeat.com\/es\/blogs-de-viaje-sobre-rio-de-janeiro\/\" target=\"_blank\" rel=\"noreferrer noopener\">Rio de Janeiro<\/a><\/h3><\/div>\n<\/div>\n\n\n\n<div class=\"wp-block-uagb-container uagb-block-a9c2a660\">\n<div class=\"wp-block-uagb-image uagb-block-eb05389d wp-block-uagb-image--layout-default wp-block-uagb-image--effect-static wp-block-uagb-image--align-none\"><figure class=\"wp-block-uagb-image__figure\"><a class=\"\" href=\"https:\/\/braziloffbeat.com\/es\/sao-paulo-travel-guide-2\/\" target=\"_blank\" rel=\"noreferrer noopener\"><img decoding=\"async\" srcset=\"https:\/\/braziloffbeat.com\/wp-content\/uploads\/2024\/05\/Sao-Paulo.jpg ,https:\/\/braziloffbeat.com\/wp-content\/uploads\/2024\/05\/Sao-Paulo.jpg 780w, https:\/\/braziloffbeat.com\/wp-content\/uploads\/2024\/05\/Sao-Paulo.jpg 360w\" sizes=\"auto, (max-width: 480px) 150px\" src=\"https:\/\/braziloffbeat.com\/wp-content\/uploads\/2024\/05\/Sao-Paulo.jpg\" alt=\"Avenida Paulista S\u00e3o Paulo\" class=\"uag-image-2252\" width=\"500\" height=\"427\" title=\"S\u00e3o Paulo\" loading=\"lazy\" role=\"img\"><\/a><\/figure><\/div>\n\n\n\n<div class=\"wp-block-uagb-advanced-heading uagb-block-7a39276e\"><h3 class=\"uagb-heading-text\"><a href=\"https:\/\/braziloffbeat.com\/es\/sao-paulo-travel-guide-2\/\" target=\"_blank\" data-type=\"post\" data-id=\"4283\" rel=\"noreferrer noopener\">S\u00e3o Paulo<\/a><\/h3><\/div>\n<\/div>\n\n\n\n<div class=\"wp-block-uagb-container uagb-block-d3a6dcb3\">\n<div class=\"wp-block-uagb-image uagb-block-c7d4f97d wp-block-uagb-image--layout-default wp-block-uagb-image--effect-static wp-block-uagb-image--align-none\"><figure class=\"wp-block-uagb-image__figure\"><a class=\"\" href=\"https:\/\/braziloffbeat.com\/es\/iguazu-falls-travel-guide-2\/\" target=\"_blank\" rel=\"noreferrer noopener\"><img decoding=\"async\" srcset=\"https:\/\/braziloffbeat.com\/wp-content\/uploads\/2024\/05\/Iguazu-Falls.jpg ,https:\/\/braziloffbeat.com\/wp-content\/uploads\/2024\/05\/Iguazu-Falls.jpg 780w, https:\/\/braziloffbeat.com\/wp-content\/uploads\/2024\/05\/Iguazu-Falls.jpg 360w\" sizes=\"auto, (max-width: 480px) 150px\" src=\"https:\/\/braziloffbeat.com\/wp-content\/uploads\/2024\/05\/Iguazu-Falls.jpg\" alt=\"Cataratas del Iguaz\u00fa\" class=\"uag-image-2254\" width=\"500\" height=\"427\" title=\"Cataratas del Iguaz\u00fa\" loading=\"lazy\" role=\"img\"><\/a><\/figure><\/div>\n\n\n\n<div class=\"wp-block-uagb-advanced-heading uagb-block-32513386\"><h3 class=\"uagb-heading-text\"><a href=\"https:\/\/braziloffbeat.com\/es\/iguazu-falls-travel-guide-2\/\" target=\"_blank\" rel=\"noreferrer noopener\">Cataratas del Iguaz\u00fa<\/a><\/h3><\/div>\n<\/div>\n<\/div>\n\n\n\n<div class=\"wp-block-uagb-container uagb-block-9e80f828\">\n<div class=\"wp-block-uagb-container uagb-block-df10133e\">\n<div class=\"wp-block-uagb-image uagb-block-983845e2 wp-block-uagb-image--layout-default wp-block-uagb-image--effect-static wp-block-uagb-image--align-none\"><figure class=\"wp-block-uagb-image__figure\"><img decoding=\"async\" srcset=\"https:\/\/braziloffbeat.com\/wp-content\/uploads\/2024\/06\/Amazon-river-1.jpg ,https:\/\/braziloffbeat.com\/wp-content\/uploads\/2024\/06\/Amazon-river-1.jpg 780w, https:\/\/braziloffbeat.com\/wp-content\/uploads\/2024\/06\/Amazon-river-1.jpg 360w\" sizes=\"auto, (max-width: 480px) 150px\" src=\"https:\/\/braziloffbeat.com\/wp-content\/uploads\/2024\/06\/Amazon-river-1.jpg\" alt=\"Embarcaciones en el R\u00edo Amazonas\" class=\"uag-image-3169\" width=\"500\" height=\"427\" title=\"R\u00edo Amazonas\" loading=\"lazy\" role=\"img\"><\/figure><\/div>\n\n\n\n<div class=\"wp-block-uagb-advanced-heading uagb-block-5a780244\"><h3 class=\"uagb-heading-text\"><mark style=\"background-color:rgba(0, 0, 0, 0);color:#ea6600\" class=\"has-inline-color\">Amazonas<\/mark><\/h3><\/div>\n<\/div>\n\n\n\n<div class=\"wp-block-uagb-container uagb-block-e0ed45b6\">\n<div class=\"wp-block-uagb-image uagb-block-c453123d wp-block-uagb-image--layout-default wp-block-uagb-image--effect-static wp-block-uagb-image--align-none\"><figure class=\"wp-block-uagb-image__figure\"><img decoding=\"async\" srcset=\"https:\/\/braziloffbeat.com\/wp-content\/uploads\/2024\/06\/Jaguar-Pantanal-1-1024x683.jpg ,https:\/\/braziloffbeat.com\/wp-content\/uploads\/2024\/06\/Jaguar-Pantanal-1.jpg 780w, https:\/\/braziloffbeat.com\/wp-content\/uploads\/2024\/06\/Jaguar-Pantanal-1.jpg 360w\" sizes=\"auto, (max-width: 480px) 150px\" src=\"https:\/\/braziloffbeat.com\/wp-content\/uploads\/2024\/06\/Jaguar-Pantanal-1-1024x683.jpg\" alt=\"\" class=\"uag-image-3182\" width=\"500\" height=\"427\" title=\"Jaguar - Pantanal\" loading=\"lazy\" role=\"img\"><\/figure><\/div>\n\n\n\n<div class=\"wp-block-uagb-advanced-heading uagb-block-a8b97b5d\"><h3 class=\"uagb-heading-text\"><mark style=\"background-color:rgba(0, 0, 0, 0);color:#ea6600\" class=\"has-inline-color\">Pantanal<\/mark><\/h3><\/div>\n<\/div>\n\n\n\n<div class=\"wp-block-uagb-container uagb-block-1af0a1d0\">\n<div class=\"wp-block-uagb-image uagb-block-6f5023ad wp-block-uagb-image--layout-default wp-block-uagb-image--effect-static wp-block-uagb-image--align-none\"><figure class=\"wp-block-uagb-image__figure\"><a class=\"\" href=\"https:\/\/braziloffbeat.com\/es\/blogs-de-viaje-sobre-salvador\/\" target=\"_blank\" rel=\"noreferrer noopener\"><img decoding=\"async\" srcset=\"https:\/\/braziloffbeat.com\/wp-content\/uploads\/2024\/06\/Salvador-Bahia.jpg ,https:\/\/braziloffbeat.com\/wp-content\/uploads\/2024\/06\/Salvador-Bahia.jpg 780w, https:\/\/braziloffbeat.com\/wp-content\/uploads\/2024\/06\/Salvador-Bahia.jpg 360w\" sizes=\"auto, (max-width: 480px) 150px\" src=\"https:\/\/braziloffbeat.com\/wp-content\/uploads\/2024\/06\/Salvador-Bahia.jpg\" alt=\"\" class=\"uag-image-3177\" width=\"500\" height=\"427\" title=\"Salvador de Bah\u00eda\" loading=\"lazy\" role=\"img\"><\/a><\/figure><\/div>\n\n\n\n<div class=\"wp-block-uagb-advanced-heading uagb-block-204c7786\"><h3 class=\"uagb-heading-text\"><a href=\"https:\/\/braziloffbeat.com\/es\/blogs-de-viaje-sobre-salvador\/\" target=\"_blank\" rel=\"noreferrer noopener\">Salvador<\/a><\/h3><\/div>\n<\/div>\n<\/div>\n<\/div><\/div>\n\n<div class=\"wp-block-uagb-container uagb-block-ddcaf8ca alignfull uagb-is-root-container\"><div class=\"uagb-container-inner-blocks-wrap\">\n<div class=\"wp-block-uagb-advanced-heading uagb-block-27bbde51\"><h3 class=\"uagb-heading-text\">Suscr\u00edbase Ahora para Obtener los <mark style=\"background-color:rgba(0, 0, 0, 0);color:#ea6600\" class=\"has-inline-color\">Mejores Consejos de Viaje<\/mark> para explorar Brasil<\/h3><p class=\"uagb-desc-text\">Obtenga consejos de viaje de expertos, itinerarios detallados y recomendaciones privilegiadas para su viaje.<\/p><\/div>\n\n\n\n<div class=\"wp-block-uagb-forms uagb-forms__outer-wrap uagb-block-5d11e90b uagb-forms__medium-btn\"><form class=\"uagb-forms-main-form\" method=\"post\" autocomplete=\"on\" name=\"uagb-form-5d11e90b\">\n<div class=\"wp-block-uagb-forms-name uagb-forms-name-wrap uagb-forms-field-set uagb-block-ea1f727d\"><div class=\"uagb-forms-name-label required uagb-forms-input-label\" id=\"ea1f727d\">Nombre<\/div><input type=\"text\" placeholder=\"Su Nombre*\" required=\"\" class=\"uagb-forms-name-input uagb-forms-input\" name=\"ea1f727d\" autocomplete=\"name\"><\/div>\n\n\n\n<div class=\"wp-block-uagb-forms-email uagb-forms-email-wrap uagb-forms-field-set uagb-block-5d5dae20\"><div class=\"uagb-forms-email-label uagb-forms-input-label\" id=\"5d5dae20\">Correo electr\u00f3nico<\/div><input type=\"email\" class=\"uagb-forms-email-input uagb-forms-input\" placeholder=\"Su Correo Electr\u00f3nico*\" name=\"5d5dae20\" autocomplete=\"email\"><\/div>\n<div class=\"uagb-forms-form-hidden-data\"><input type=\"hidden\" class=\"uagb_forms_form_label\" value=\"Spectra Form\"\/><input type=\"hidden\" class=\"uagb_forms_form_id\" value=\"uagb-form-5d11e90b\"\/><\/div><div class=\"uagb-form-reacaptcha-error-5d11e90b\"><\/div><div class=\"uagb-forms-main-submit-button-wrap wp-block-button\"><button class=\"uagb-forms-main-submit-button wp-block-button__link\"><div class=\"uagb-forms-main-submit-button-text\">Enviar<\/div><\/button><\/div><\/form><div class=\"uagb-forms-success-message-5d11e90b uagb-forms-submit-message-hide\"><span>The form has been submitted successfully!<\/span><\/div><div class=\"uagb-forms-failed-message-5d11e90b uagb-forms-submit-message-hide\"><span>There has been some error while submitting the form. Please verify all form fields again.<\/span><\/div><\/div>\n<\/div><\/div>\n","protected":false},"excerpt":{"rendered":"<p>Destinos \u00abExplore las maravillas de Brasil\u00bb Rio de Janeiro S\u00e3o Paulo Cataratas del Iguaz\u00fa Amazonas Pantanal Salvador Suscr\u00edbase Ahora para [&hellip;]<\/p>\n","protected":false},"author":1,"featured_media":0,"parent":0,"menu_order":0,"comment_status":"closed","ping_status":"closed","template":"","meta":{"_editorskit_title_hidden":false,"_editorskit_reading_time":0,"_editorskit_is_block_options_detached":false,"_editorskit_block_options_position":"{}","_uag_custom_page_level_css":"","site-sidebar-layout":"no-sidebar","site-content-layout":"plain-container","ast-site-content-layout":"normal-width-container","site-content-style":"unboxed","site-sidebar-style":"unboxed","ast-global-header-display":"","ast-banner-title-visibility":"","ast-main-header-display":"","ast-hfb-above-header-display":"","ast-hfb-below-header-display":"","ast-hfb-mobile-header-display":"","site-post-title":"disabled","ast-breadcrumbs-content":"","ast-featured-img":"disabled","footer-sml-layout":"","ast-disable-related-posts":"","theme-transparent-header-meta":"default","adv-header-id-meta":"","stick-header-meta":"","header-above-stick-meta":"","header-main-stick-meta":"","header-below-stick-meta":"","astra-migrate-meta-layouts":"default","ast-page-background-enabled":"default","ast-page-background-meta":{"desktop":{"background-color":"","background-image":"","background-repeat":"repeat","background-position":"center center","background-size":"auto","background-attachment":"scroll","background-type":"","background-media":"","overlay-type":"","overlay-color":"","overlay-opacity":"","overlay-gradient":""},"tablet":{"background-color":"","background-image":"","background-repeat":"repeat","background-position":"center center","background-size":"auto","background-attachment":"scroll","background-type":"","background-media":"","overlay-type":"","overlay-color":"","overlay-opacity":"","overlay-gradient":""},"mobile":{"background-color":"","background-image":"","background-repeat":"repeat","background-position":"center center","background-size":"auto","background-attachment":"scroll","background-type":"","background-media":"","overlay-type":"","overlay-color":"","overlay-opacity":"","overlay-gradient":""}},"ast-content-background-meta":{"desktop":{"background-color":"var(--ast-global-color-5)","background-image":"","background-repeat":"repeat","background-position":"center center","background-size":"auto","background-attachment":"scroll","background-type":"","background-media":"","overlay-type":"","overlay-color":"","overlay-opacity":"","overlay-gradient":""},"tablet":{"background-color":"var(--ast-global-color-5)","background-image":"","background-repeat":"repeat","background-position":"center center","background-size":"auto","background-attachment":"scroll","background-type":"","background-media":"","overlay-type":"","overlay-color":"","overlay-opacity":"","overlay-gradient":""},"mobile":{"background-color":"var(--ast-global-color-5)","background-image":"","background-repeat":"repeat","background-position":"center center","background-size":"auto","background-attachment":"scroll","background-type":"","background-media":"","overlay-type":"","overlay-color":"","overlay-opacity":"","overlay-gradient":""}},"_wp_convertkit_post_meta":{"form":"-1","landing_page":"0","tag":"0","restrict_content":"0"},"footnotes":""},"class_list":["post-5013","page","type-page","status-publish","hentry"],"uagb_featured_image_src":{"full":false,"thumbnail":false,"medium":false,"medium_large":false,"large":false,"1536x1536":false,"2048x2048":false},"uagb_author_info":{"display_name":"Evelize Queiroz","author_link":"https:\/\/braziloffbeat.com\/es\/author\/braziloffbeat-com\/"},"uagb_comment_info":0,"uagb_excerpt":"Destinos \u00abExplore las maravillas de Brasil\u00bb Rio de Janeiro S\u00e3o Paulo Cataratas del Iguaz\u00fa Amazonas Pantanal Salvador Suscr\u00edbase Ahora para [&hellip;]","_links":{"self":[{"href":"https:\/\/braziloffbeat.com\/es\/wp-json\/wp\/v2\/pages\/5013","targetHints":{"allow":["GET"]}}],"collection":[{"href":"https:\/\/braziloffbeat.com\/es\/wp-json\/wp\/v2\/pages"}],"about":[{"href":"https:\/\/braziloffbeat.com\/es\/wp-json\/wp\/v2\/types\/page"}],"author":[{"embeddable":true,"href":"https:\/\/braziloffbeat.com\/es\/wp-json\/wp\/v2\/users\/1"}],"replies":[{"embeddable":true,"href":"https:\/\/braziloffbeat.com\/es\/wp-json\/wp\/v2\/comments?post=5013"}],"version-history":[{"count":10,"href":"https:\/\/braziloffbeat.com\/es\/wp-json\/wp\/v2\/pages\/5013\/revisions"}],"predecessor-version":[{"id":6151,"href":"https:\/\/braziloffbeat.com\/es\/wp-json\/wp\/v2\/pages\/5013\/revisions\/6151"}],"wp:attachment":[{"href":"https:\/\/braziloffbeat.com\/es\/wp-json\/wp\/v2\/media?parent=5013"}],"curies":[{"name":"wp","href":"https:\/\/api.w.org\/{rel}","templated":true}]}}