{"id":5037,"date":"2024-06-12T09:03:28","date_gmt":"2024-06-12T12:03:28","guid":{"rendered":"https:\/\/braziloffbeat.com\/politica-de-divulgacion\/"},"modified":"2025-04-16T21:25:08","modified_gmt":"2025-04-17T00:25:08","slug":"politica-de-divulgacion","status":"publish","type":"page","link":"https:\/\/braziloffbeat.com\/es\/politica-de-divulgacion\/","title":{"rendered":"Pol\u00edtica de Divulgaci\u00f3n"},"content":{"rendered":"\n<div class=\"wp-block-uagb-container uagb-block-c5bec78a alignfull uagb-is-root-container\"><div class=\"uagb-container-inner-blocks-wrap\">\n<div class=\"wp-block-uagb-advanced-heading uagb-block-6166f92f\"><h2 class=\"uagb-heading-text\">Pol\u00edtica de Divulgaci\u00f3n (Aviso Legal)<\/h2><\/div>\n\n\n\n<p style=\"margin-bottom:0\">Con el fin de que <span class=\"ek-underline\" style=\"text-decoration: underline;\"><a class=\"ek-link\" href=\"https:\/\/braziloffbeat.com\/es\/\"><strong>braziloffbeat.com<\/strong><\/a><\/span> pueda funcionar y proporcionarle a usted, el lector, contenido continuo y gratuito, utilizamos publicidad y enlaces de afiliados a sitios de terceros para obtener ingresos que nos ayuden a sufragar los costos de operaci\u00f3n, crecimiento y expansi\u00f3n del sitio.<\/p>\n\n\n\n<p>No obstante, su confianza es de suma importancia para nosotros. Siempre ofrecemos nuestra opini\u00f3n honesta sobre un producto o servicio y le proporcionamos elementos que consideramos pueden serle \u00fatiles en sus viajes. Esto es claramente comprendido por cada una de las empresas\/anunciantes con las que trabajamos actualmente y con las que pretendemos trabajar. Nos aseguramos de colaborar de acuerdo con esta pol\u00edtica que nos reserva el derecho de rechazar a cualquiera que no est\u00e9 de acuerdo con ella.   <\/p>\n<\/div><\/div>\n\n<div class=\"wp-block-uagb-container uagb-block-e718efb9 alignfull uagb-is-root-container\"><div class=\"uagb-container-inner-blocks-wrap\">\n<div class=\"wp-block-uagb-advanced-heading uagb-block-2717e1b9\"><h3 class=\"uagb-heading-text\">Nuestro Compromiso con usted<\/h3><\/div>\n\n\n\n<p style=\"margin-bottom:0\">El n\u00facleo de nuestra comunidad es el respeto mutuo. Ofrecemos nuestro compromiso al 100% a nuestros lectores de respetarles y operar Brazil Offbeat con integridad, manteniendo sus mejores intereses como base de todo lo que hacemos. <\/p>\n\n\n\n<p style=\"margin-bottom:0\">Para formar parte de esta comunidad, lo \u00fanico que le pedimos es que tambi\u00e9n se comprometa a respetarnos a nosotros y a los dem\u00e1s. Si podemos mantener este valor fundamental, nuestra comunidad continuar\u00e1 prosperando. <\/p>\n\n\n\n<p>Le agradecemos de antemano este compromiso y su participaci\u00f3n en nuestro blog y en nuestras comunidades sociales en l\u00ednea.<\/p>\n<\/div><\/div>\n\n<div class=\"wp-block-uagb-container uagb-block-d7e8bf3b alignfull uagb-is-root-container\"><div class=\"uagb-container-inner-blocks-wrap\">\n<div class=\"wp-block-uagb-advanced-heading uagb-block-1a32833f\"><h3 class=\"uagb-heading-text\">Enlaces de Afiliados<\/h3><\/div>\n\n\n\n<p>Con el fin de simplificar el proceso de divulgaci\u00f3n, le rogamos que asuma que cuando haga clic en <em>cualquier<\/em> y <em>todo<\/em> enlace a un minorista o proveedor de servicios dentro de <em>todo<\/em> el sitio web de Brazil Offbeat, est\u00e1 vinculado a un sitio de terceros afiliado en el que se obtendr\u00e1 una peque\u00f1a comisi\u00f3n si usted adquiere un art\u00edculo. El precio que usted paga no se ve afectado. <\/p>\n<\/div><\/div>\n\n<div class=\"wp-block-uagb-container uagb-block-a618b18b alignfull uagb-is-root-container\"><div class=\"uagb-container-inner-blocks-wrap\">\n<div class=\"wp-block-uagb-advanced-heading uagb-block-3ee8c6b2\"><h3 class=\"uagb-heading-text\">Viajes de Prensa<\/h3><\/div>\n\n\n\n<p>Si recibimos un viaje de prensa, alojamiento o actividad gratuita, esto se revelar\u00e1 dentro del art\u00edculo individual. Siempre compartiremos nuestras opiniones y experiencias honestas y personales. <\/p>\n<\/div><\/div>\n\n<div class=\"wp-block-uagb-container uagb-block-84afeeaf alignfull uagb-is-root-container\"><div class=\"uagb-container-inner-blocks-wrap\">\n<div class=\"wp-block-uagb-advanced-heading uagb-block-5dc2465a\"><h3 class=\"uagb-heading-text\">Rese\u00f1as de Productos<\/h3><\/div>\n\n\n\n<p style=\"margin-bottom:0\">Los productos rese\u00f1ados en Brazil Offbeat incluyen art\u00edculos que hemos adquirido personalmente, mercanc\u00eda complementaria que se ha proporcionado para su consideraci\u00f3n y publicidad pagada (etiquetada como \u00abpublirreportajes\u00bb).<\/p>\n\n\n\n<p style=\"margin-bottom:0\">Aceptamos productos para su revisi\u00f3n, pero <em>\u00fanicamente<\/em> publicamos rese\u00f1as de art\u00edculos que consideramos relevantes para los lectores de Brazil Offbeat. Si se considera que un art\u00edculo no es apropiado para el lector de Brazil Offbeat, no se publica la rese\u00f1a. <\/p>\n\n\n\n<p style=\"margin-bottom:0\">Las rese\u00f1as de productos publicadas incluyen nuestra opini\u00f3n honesta y personal sobre productos que nos funcionan y que tambi\u00e9n pueden funcionarle a usted. Nos negamos a trabajar con cualquier marca o producto que no tenga sentido para nuestros lectores. Esto garantiza que las empresas que <em>s\u00ed<\/em> presentamos nos gustan genuinamente.  <\/p>\n\n\n\n<p>Ocasionalmente, colaboradores invitados y blogueros (no miembros del equipo de Brazil Offbeat) comparten sus rese\u00f1as de productos en el sitio. Brazil Offbeat no afirma haber probado estos art\u00edculos y no se hace responsable de las opiniones compartidas por estos escritores. <\/p>\n<\/div><\/div>\n\n<div class=\"wp-block-uagb-container uagb-block-8805da69 alignfull uagb-is-root-container\"><div class=\"uagb-container-inner-blocks-wrap\">\n<div class=\"wp-block-uagb-advanced-heading uagb-block-caa86333\"><h3 class=\"uagb-heading-text\">Publirreportajes y Contenido General<\/h3><\/div>\n\n\n\n<p style=\"margin-bottom:0\">Los productos o servicios que no han sido revisados personalmente por un miembro del equipo de Brazil Offbeat pueden ser compartidos con usted de manera imparcial e informativa para que pueda formarse su propia opini\u00f3n sobre el art\u00edculo. Esto puede incluir productos presentados en \u00abpublirreportajes\u00bb o contenido editorial general dentro del sitio. <\/p>\n\n\n\n<p style=\"margin-bottom:0\">Los editoriales pagados se revelan dentro del art\u00edculo individual al ser etiquetados como \u00abpublirreportaje\u00bb.<\/p>\n\n\n\n<p style=\"margin-bottom:0\"><strong>Por favor, tenga en cuenta<\/strong><em>: Los productos mencionados en Brazil Offbeat pueden incluir art\u00edculos que utilizamos personalmente, que otros viajeros recomiendan y sugerencias editoriales generales basadas en la relevancia.<\/em><\/p>\n\n\n\n<p style=\"margin-bottom:0\">Si bien creemos que proporcionarle fuentes mejora su experiencia en Brazil Offbeat, nos aseguramos de presentar siempre nuestras opiniones honestas seg\u00fan nuestro mejor conocimiento y capacidad.<\/p>\n\n\n\n<p>Brazil Offbeat no se hace responsable de ninguna compra realizada en sitios de terceros. Es responsabilidad del comprador investigar todos los productos y servicios antes de adquirirlos. <\/p>\n<\/div><\/div>\n\n<div class=\"wp-block-uagb-container uagb-block-6dc75d86 alignfull uagb-is-root-container\"><div class=\"uagb-container-inner-blocks-wrap\">\n<div class=\"wp-block-uagb-advanced-heading uagb-block-f226e070\"><h3 class=\"uagb-heading-text\">Sitios Externos<\/h3><\/div>\n\n\n\n<p style=\"margin-bottom:0\">Desde nuestro sitio web, usted puede visitar otros sitios web siguiendo hiperv\u00ednculos a dichos sitios externos. Si bien nos esforzamos por proporcionar \u00fanicamente enlaces de calidad a sitios web \u00fatiles y \u00e9ticos, no tenemos control sobre el contenido y la naturaleza de estos sitios. Estos enlaces a otros sitios web no implican una recomendaci\u00f3n para todo el contenido que se encuentra en ellos. Los propietarios y el contenido de los sitios pueden cambiar sin previo aviso y esto puede ocurrir antes de que tengamos la oportunidad de eliminar un enlace que pueda haberse vuelto &#8216;inservible&#8217;.   <\/p>\n\n\n\n<p>Por favor, tenga en cuenta tambi\u00e9n que cuando abandona nuestro sitio web, otros sitios pueden tener pol\u00edticas de privacidad y t\u00e9rminos diferentes que est\u00e1n fuera de nuestro control. Aseg\u00farese de verificar las Pol\u00edticas de Privacidad de estos sitios, as\u00ed como sus T\u00e9rminos de Servicio antes de realizar cualquier transacci\u00f3n o cargar cualquier informaci\u00f3n. <\/p>\n<\/div><\/div>\n\n<div class=\"wp-block-uagb-container uagb-block-5e084dc2 alignfull uagb-is-root-container\"><div class=\"uagb-container-inner-blocks-wrap\">\n<div class=\"wp-block-uagb-advanced-heading uagb-block-34d79e27\"><h3 class=\"uagb-heading-text\">Informaci\u00f3n Adicional sobre las Pol\u00edticas del Sitio<\/h3><\/div>\n\n\n\n<p>Para obtener informaci\u00f3n adicional sobre las pol\u00edticas de Brazil Offbeat, por favor consulte nuestros <strong><a href=\"https:\/\/braziloffbeat.com\/es\/terminos-y-condiciones\/\" class=\"ek-link\">T\u00e9rminos y Condiciones<\/a><\/strong> y <strong><a href=\"https:\/\/braziloffbeat.com\/es\/politica-de-privacidad\/\" class=\"ek-link\">Pol\u00edtica de Privacidad<\/a><\/strong>.<\/p>\n<\/div><\/div>\n\n<div class=\"wp-block-uagb-container uagb-block-a49c2322 alignfull uagb-is-root-container\"><div class=\"uagb-container-inner-blocks-wrap\">\n<div class=\"wp-block-uagb-advanced-heading uagb-block-066c6a2e\"><h3 class=\"uagb-heading-text\">Informaci\u00f3n de contacto<\/h3><\/div>\n\n\n\n<p>Si necesita m\u00e1s informaci\u00f3n o tiene alguna pregunta sobre el aviso legal de nuestro sitio, no dude en <strong><a href=\"https:\/\/braziloffbeat.com\/es\/contacto\/\" class=\"ek-link\">contactarnos<\/a><\/strong>.<\/p>\n<\/div><\/div>\n","protected":false},"excerpt":{"rendered":"<p>Pol\u00edtica de Divulgaci\u00f3n (Aviso Legal) Con el fin de que braziloffbeat.com pueda funcionar y proporcionarle a usted, el lector, contenido [&hellip;]<\/p>\n","protected":false},"author":1,"featured_media":0,"parent":0,"menu_order":0,"comment_status":"closed","ping_status":"closed","template":"","meta":{"_editorskit_title_hidden":false,"_editorskit_reading_time":0,"_editorskit_is_block_options_detached":false,"_editorskit_block_options_position":"{}","_uag_custom_page_level_css":"","site-sidebar-layout":"default","site-content-layout":"","ast-site-content-layout":"default","site-content-style":"default","site-sidebar-style":"default","ast-global-header-display":"","ast-banner-title-visibility":"","ast-main-header-display":"","ast-hfb-above-header-display":"","ast-hfb-below-header-display":"","ast-hfb-mobile-header-display":"","site-post-title":"","ast-breadcrumbs-content":"","ast-featured-img":"","footer-sml-layout":"","ast-disable-related-posts":"","theme-transparent-header-meta":"","adv-header-id-meta":"","stick-header-meta":"","header-above-stick-meta":"","header-main-stick-meta":"","header-below-stick-meta":"","astra-migrate-meta-layouts":"default","ast-page-background-enabled":"default","ast-page-background-meta":{"desktop":{"background-color":"","background-image":"","background-repeat":"repeat","background-position":"center center","background-size":"auto","background-attachment":"scroll","background-type":"","background-media":"","overlay-type":"","overlay-color":"","overlay-opacity":"","overlay-gradient":""},"tablet":{"background-color":"","background-image":"","background-repeat":"repeat","background-position":"center center","background-size":"auto","background-attachment":"scroll","background-type":"","background-media":"","overlay-type":"","overlay-color":"","overlay-opacity":"","overlay-gradient":""},"mobile":{"background-color":"","background-image":"","background-repeat":"repeat","background-position":"center center","background-size":"auto","background-attachment":"scroll","background-type":"","background-media":"","overlay-type":"","overlay-color":"","overlay-opacity":"","overlay-gradient":""}},"ast-content-background-meta":{"desktop":{"background-color":"var(--ast-global-color-5)","background-image":"","background-repeat":"repeat","background-position":"center center","background-size":"auto","background-attachment":"scroll","background-type":"","background-media":"","overlay-type":"","overlay-color":"","overlay-opacity":"","overlay-gradient":""},"tablet":{"background-color":"var(--ast-global-color-5)","background-image":"","background-repeat":"repeat","background-position":"center center","background-size":"auto","background-attachment":"scroll","background-type":"","background-media":"","overlay-type":"","overlay-color":"","overlay-opacity":"","overlay-gradient":""},"mobile":{"background-color":"var(--ast-global-color-5)","background-image":"","background-repeat":"repeat","background-position":"center center","background-size":"auto","background-attachment":"scroll","background-type":"","background-media":"","overlay-type":"","overlay-color":"","overlay-opacity":"","overlay-gradient":""}},"_wp_convertkit_post_meta":{"form":"-1","landing_page":"0","tag":"0","restrict_content":"0"},"footnotes":""},"class_list":["post-5037","page","type-page","status-publish","hentry"],"uagb_featured_image_src":{"full":false,"thumbnail":false,"medium":false,"medium_large":false,"large":false,"1536x1536":false,"2048x2048":false},"uagb_author_info":{"display_name":"Evelize Queiroz","author_link":"https:\/\/braziloffbeat.com\/es\/author\/braziloffbeat-com\/"},"uagb_comment_info":0,"uagb_excerpt":"Pol\u00edtica de Divulgaci\u00f3n (Aviso Legal) Con el fin de que braziloffbeat.com pueda funcionar y proporcionarle a usted, el lector, contenido [&hellip;]","_links":{"self":[{"href":"https:\/\/braziloffbeat.com\/es\/wp-json\/wp\/v2\/pages\/5037","targetHints":{"allow":["GET"]}}],"collection":[{"href":"https:\/\/braziloffbeat.com\/es\/wp-json\/wp\/v2\/pages"}],"about":[{"href":"https:\/\/braziloffbeat.com\/es\/wp-json\/wp\/v2\/types\/page"}],"author":[{"embeddable":true,"href":"https:\/\/braziloffbeat.com\/es\/wp-json\/wp\/v2\/users\/1"}],"replies":[{"embeddable":true,"href":"https:\/\/braziloffbeat.com\/es\/wp-json\/wp\/v2\/comments?post=5037"}],"version-history":[{"count":4,"href":"https:\/\/braziloffbeat.com\/es\/wp-json\/wp\/v2\/pages\/5037\/revisions"}],"predecessor-version":[{"id":5105,"href":"https:\/\/braziloffbeat.com\/es\/wp-json\/wp\/v2\/pages\/5037\/revisions\/5105"}],"wp:attachment":[{"href":"https:\/\/braziloffbeat.com\/es\/wp-json\/wp\/v2\/media?parent=5037"}],"curies":[{"name":"wp","href":"https:\/\/api.w.org\/{rel}","templated":true}]}}