{"id":5040,"date":"2024-06-11T19:09:36","date_gmt":"2024-06-11T22:09:36","guid":{"rendered":"https:\/\/braziloffbeat.com\/terminos-y-condiciones\/"},"modified":"2025-04-16T21:27:45","modified_gmt":"2025-04-17T00:27:45","slug":"terminos-y-condiciones","status":"publish","type":"page","link":"https:\/\/braziloffbeat.com\/es\/terminos-y-condiciones\/","title":{"rendered":"T\u00e9rminos y Condiciones"},"content":{"rendered":"\n<div class=\"wp-block-uagb-container uagb-block-9729161a alignfull uagb-is-root-container\"><div class=\"uagb-container-inner-blocks-wrap\">\n<div class=\"wp-block-uagb-advanced-heading uagb-block-68c3cc67\"><h2 class=\"uagb-heading-text\">T\u00e9rminos y Condiciones<\/h2><\/div>\n\n\n\n<p style=\"margin-bottom:0\">\u00a1Bienvenido a Brazil Offbeat! Estos t\u00e9rminos y condiciones delinean las normas y regulaciones para el uso del sitio web de Brazil Offbeat, ubicado en <strong><a href=\"https:\/\/braziloffbeat.com\/es\/\" data-type=\"page\" data-id=\"1718\">braziloffbeat.com<\/a><\/strong>. <\/p>\n\n\n\n<p style=\"margin-bottom:0\">Al acceder a este sitio web, asumimos que usted acepta estos t\u00e9rminos y condiciones. No utilice Brazil Offbeat si no est\u00e1 de acuerdo en aceptar todos los t\u00e9rminos y condiciones establecidos en esta p\u00e1gina. <\/p>\n\n\n\n<p style=\"margin-bottom:0\">La siguiente terminolog\u00eda se aplica a estos T\u00e9rminos y Condiciones, Declaraci\u00f3n de Privacidad y Aviso de Exenci\u00f3n de Responsabilidad, y todos los Acuerdos: \u00abCliente\u00bb, \u00abUsted\u00bb y \u00abSu\u00bb se refieren a usted, la persona que ingresa a este sitio web y cumple con los t\u00e9rminos y condiciones de la Compa\u00f1\u00eda. \u00abLa Compa\u00f1\u00eda\u00bb, \u00abNosotros mismos\u00bb, \u00abNosotros\u00bb, \u00abNuestro\u00bb y \u00abNos\u00bb, se refiere a nuestra Compa\u00f1\u00eda. \u00abParte\u00bb, \u00abPartes\u00bb, o \u00abNosotros\u00bb, se refiere tanto al Cliente como a nosotros mismos.  <\/p>\n\n\n\n<p>Todos los t\u00e9rminos se refieren a la oferta, aceptaci\u00f3n y consideraci\u00f3n del pago necesario para llevar a cabo el proceso de nuestra asistencia al Cliente de la manera m\u00e1s apropiada, con el prop\u00f3sito expreso de satisfacer las necesidades del Cliente con respecto a la provisi\u00f3n de los servicios declarados de la Compa\u00f1\u00eda, de acuerdo con y sujeto a la ley vigente de Brasil. Cualquier uso de la terminolog\u00eda anterior u otras palabras en singular, plural, may\u00fasculas y\/o \u00e9l\/ella o ellos, se toman como intercambiables y, por lo tanto, se refieren a lo mismo. <\/p>\n<\/div><\/div>\n\n<div class=\"wp-block-uagb-container uagb-block-b1b45ab2 alignfull uagb-is-root-container\"><div class=\"uagb-container-inner-blocks-wrap\">\n<div class=\"wp-block-uagb-advanced-heading uagb-block-66041ebc\"><h3 class=\"uagb-heading-text\">Cookies<\/h3><\/div>\n\n\n\n<p style=\"margin-bottom:0\">Empleamos el uso de cookies. Al acceder a Brazil Offbeat, usted acepta utilizar cookies de acuerdo con la <strong><a class=\"ek-link\" href=\"https:\/\/braziloffbeat.com\/es\/politica-de-privacidad\/\">Pol\u00edtica de Privacidad<\/a><\/strong> de Brazil Offbeat. <\/p>\n\n\n\n<p>La mayor\u00eda de los sitios web interactivos utilizan cookies para permitirnos recuperar los detalles del usuario en cada visita. Las cookies son utilizadas por nuestro sitio web para habilitar la funcionalidad de ciertas \u00e1reas y facilitar la visita a nuestro sitio web. Algunos de nuestros socios afiliados\/publicitarios tambi\u00e9n pueden utilizar cookies.  <\/p>\n<\/div><\/div>\n\n<div class=\"wp-block-uagb-container uagb-block-c4931afa alignfull uagb-is-root-container\"><div class=\"uagb-container-inner-blocks-wrap\">\n<div class=\"wp-block-uagb-advanced-heading uagb-block-23493133\"><h3 class=\"uagb-heading-text\">Licencia<\/h3><\/div>\n\n\n\n<p>A menos que se indique lo contrario, Brazil Offbeat y\/o sus licenciantes poseen los derechos de propiedad intelectual de todo el material en Brazil Offbeat. Todos los derechos de propiedad intelectual est\u00e1n reservados. Usted puede acceder a esto desde Brazil Offbeat para su uso personal sujeto a las restricciones establecidas en estos t\u00e9rminos y condiciones.  <\/p>\n<\/div><\/div>\n\n<div class=\"wp-block-uagb-container uagb-block-c1be0f4c alignfull uagb-is-root-container\"><div class=\"uagb-container-inner-blocks-wrap\">\n<div class=\"wp-block-uagb-advanced-heading uagb-block-cd66fb6e\"><h3 class=\"uagb-heading-text\">Usted no debe:<\/h3><\/div>\n\n\n\n<ul class=\"wp-block-list\">\n<li>Republicar material de Brazil Offbeat<\/li>\n\n\n\n<li>Vender, alquilar o sublicenciar material de Brazil Offbeat<\/li>\n\n\n\n<li>Reproducir, duplicar o copiar material de Brazil Offbeat<\/li>\n\n\n\n<li>Redistribuir contenido de Brazil Offbeat<\/li>\n<\/ul>\n\n\n\n<p style=\"margin-bottom:0\">Este Acuerdo comenzar\u00e1 en la fecha del presente.<\/p>\n\n\n\n<p style=\"margin-bottom:0\">Partes de este sitio web ofrecen una oportunidad para que los usuarios publiquen e intercambien opiniones e informaci\u00f3n en ciertas \u00e1reas del sitio web. Brazil Offbeat no filtra, edita, publica o revisa los Comentarios antes de su presencia en el sitio web. Los Comentarios no reflejan los puntos de vista y opiniones de Brazil Offbeat, sus agentes y\/o afiliados. Los Comentarios reflejan los puntos de vista y opiniones de la persona que publica sus puntos de vista y opiniones. En la medida permitida por las leyes aplicables, Brazil Offbeat no ser\u00e1 responsable de los Comentarios o de cualquier responsabilidad, da\u00f1os o gastos causados y\/o sufridos como resultado de cualquier uso y\/o publicaci\u00f3n y\/o aparici\u00f3n de los Comentarios en este sitio web.    <\/p>\n\n\n\n<p>Brazil Offbeat se reserva el derecho de monitorear todos los Comentarios y eliminar cualquier Comentario que pueda considerarse inapropiado, ofensivo o que cause incumplimiento de estos T\u00e9rminos y Condiciones.<\/p>\n<\/div><\/div>\n\n<div class=\"wp-block-uagb-container uagb-block-aa78f3e0 alignfull uagb-is-root-container\"><div class=\"uagb-container-inner-blocks-wrap\">\n<div class=\"wp-block-uagb-advanced-heading uagb-block-b538913c\"><h3 class=\"uagb-heading-text\">Usted garantiza y representa que:<\/h3><\/div>\n\n\n\n<ul class=\"wp-block-list\">\n<li>Tiene derecho a publicar los Comentarios en nuestro sitio web y tiene todas las licencias y consentimientos necesarios para hacerlo;<\/li>\n\n\n\n<li>Los Comentarios no infringen ning\u00fan derecho de propiedad intelectual, incluyendo sin limitaci\u00f3n derechos de autor, patentes o marcas registradas de terceros;<\/li>\n\n\n\n<li>Los Comentarios no contienen ning\u00fan material difamatorio, calumnioso, ofensivo, indecente o ilegal que sea una invasi\u00f3n de la privacidad;<\/li>\n\n\n\n<li>Los Comentarios no se utilizar\u00e1n para solicitar o promover negocios o costumbres o presentar actividades comerciales o actividades ilegales.<\/li>\n<\/ul>\n\n\n\n<p>Por la presente, usted otorga a Brazil Offbeat una licencia no exclusiva para usar, reproducir, editar y autorizar a otros a usar, reproducir y editar cualquiera de sus Comentarios en todas y cada una de las formas, formatos o medios.<\/p>\n<\/div><\/div>\n\n<div class=\"wp-block-uagb-container uagb-block-3169f7a1 alignfull uagb-is-root-container\"><div class=\"uagb-container-inner-blocks-wrap\">\n<div class=\"wp-block-uagb-advanced-heading uagb-block-ec586141\"><h3 class=\"uagb-heading-text\">Hiperv\u00ednculos a nuestro Contenido<\/h3><\/div>\n\n\n\n<p style=\"margin-bottom:0\">Las siguientes organizaciones pueden enlazar a nuestro Sitio Web sin aprobaci\u00f3n previa por escrito:<\/p>\n\n\n\n<ul class=\"wp-block-list\">\n<li>Agencias gubernamentales;<\/li>\n\n\n\n<li>Motores de b\u00fasqueda;<\/li>\n\n\n\n<li>Organizaciones de noticias;<\/li>\n\n\n\n<li>Los distribuidores de directorios en l\u00ednea pueden enlazar a nuestro Sitio Web de la misma manera que hipervinculan a los Sitios Web de otras empresas listadas; y<\/li>\n\n\n\n<li> Empresas acreditadas en todo el sistema, exceptuando organizaciones sin fines de lucro solicitantes, centros comerciales de beneficencia y grupos de recaudaci\u00f3n de fondos ben\u00e9ficos, los cuales no podr\u00e1n establecer hiperv\u00ednculos a nuestro Sitio Web.<\/li>\n<\/ul>\n\n\n\n<p style=\"margin-bottom:0\">Estas organizaciones podr\u00e1n enlazar a nuestra p\u00e1gina de inicio, a publicaciones o a otra informaci\u00f3n del Sitio Web siempre que el enlace: (a) no sea de ninguna manera enga\u00f1oso; (b) no implique falsamente patrocinio, respaldo o aprobaci\u00f3n de la parte enlazante y sus productos y\/o servicios; y (c) se ajuste al contexto del sitio de la parte enlazante.   <\/p>\n\n\n\n<p style=\"margin-bottom:0\">Podr\u00edamos considerar y aprobar otras solicitudes de enlaces provenientes de los siguientes tipos de organizaciones:<\/p>\n\n\n\n<ul class=\"wp-block-list\">\n<li>Fuentes de informaci\u00f3n de consumidores y\/o empresas com\u00fanmente conocidas;<\/li>\n\n\n\n<li>Sitios comunitarios (dot.com);<\/li>\n\n\n\n<li>Asociaciones u otros grupos que representen organizaciones ben\u00e9ficas;<\/li>\n\n\n\n<li>Distribuidores de directorios en l\u00ednea;<\/li>\n\n\n\n<li>Portales de Internet;<\/li>\n\n\n\n<li>Firmas de contabilidad, derecho y consultor\u00eda; e instituciones educativas y asociaciones comerciales.<\/li>\n<\/ul>\n\n\n\n<p style=\"margin-bottom:0\">Aprobaremos solicitudes de enlaces de estas organizaciones si determinamos que: (a) el enlace no nos har\u00eda ver desfavorablemente a nosotros mismos o a nuestras empresas acreditadas; (b) la organizaci\u00f3n no tiene registros negativos con nosotros; (c) el beneficio para nosotros de la visibilidad del hiperv\u00ednculo compensa la ausencia de Brazil Offbeat; y (d) el enlace est\u00e1 en el contexto de informaci\u00f3n de recursos generales.    <\/p>\n\n\n\n<p style=\"margin-bottom:0\">Estas organizaciones podr\u00e1n enlazar a nuestra p\u00e1gina de inicio siempre que el enlace: (a) no sea de ninguna manera enga\u00f1oso; (b) no implique falsamente patrocinio, respaldo o aprobaci\u00f3n de la parte enlazante y sus productos o servicios; y (c) se ajuste al contexto del sitio de la parte enlazante.   <\/p>\n\n\n\n<p style=\"margin-bottom:0\">Si usted es una de las organizaciones enumeradas en el p\u00e1rrafo 2 anterior y est\u00e1 interesado en enlazar a nuestro sitio web, debe informarnos enviando un correo electr\u00f3nico a <span style=\"text-decoration: underline;\" class=\"ek-underline\">evelize@braziloffbeat.com<\/span>. Por favor, incluya su nombre, el nombre de su organizaci\u00f3n, informaci\u00f3n de contacto, as\u00ed como la URL de su sitio, una lista de las URL desde las que pretende enlazar a nuestro Sitio Web, y una lista de las URL de nuestro sitio a las que le gustar\u00eda enlazar. Espere 2-3 semanas para recibir una respuesta.  <\/p>\n\n\n\n<p style=\"margin-bottom:0\">Las organizaciones aprobadas podr\u00e1n establecer hiperv\u00ednculos a nuestro Sitio Web de la siguiente manera:<\/p>\n\n\n\n<ul class=\"wp-block-list\">\n<li>Mediante el uso de nuestra denominaci\u00f3n corporativa; o<\/li>\n\n\n\n<li>Mediante el uso del localizador uniforme de recursos al que se enlaza; o<\/li>\n\n\n\n<li>Mediante el uso de cualquier otra descripci\u00f3n de nuestro Sitio Web enlazado que tenga sentido dentro del contexto y formato del contenido en el sitio de la parte enlazante.<\/li>\n<\/ul>\n\n\n\n<p>No se permitir\u00e1 el uso del logotipo de Brazil Offbeat u otras ilustraciones para enlazar en ausencia de un acuerdo de licencia de marca registrada.<\/p>\n<\/div><\/div>\n\n<div class=\"wp-block-uagb-container uagb-block-d9311efa alignfull uagb-is-root-container\"><div class=\"uagb-container-inner-blocks-wrap\">\n<div class=\"wp-block-uagb-advanced-heading uagb-block-65dd9128\"><h3 class=\"uagb-heading-text\">iFrames<\/h3><\/div>\n\n\n\n<p>Sin aprobaci\u00f3n previa y permiso por escrito, no podr\u00e1 crear marcos alrededor de nuestras p\u00e1ginas web que alteren de alguna manera la presentaci\u00f3n visual o apariencia de nuestro Sitio Web.<\/p>\n<\/div><\/div>\n\n<div class=\"wp-block-uagb-container uagb-block-4b230b04 alignfull uagb-is-root-container\"><div class=\"uagb-container-inner-blocks-wrap\">\n<div class=\"wp-block-uagb-advanced-heading uagb-block-1ea1f05d\"><h3 class=\"uagb-heading-text\">Responsabilidad del Contenido<\/h3><\/div>\n\n\n\n<p>No seremos considerados responsables de ning\u00fan contenido que aparezca en su Sitio Web. Usted acepta protegernos y defendernos contra todas las reclamaciones que surjan en su Sitio Web. Ning\u00fan enlace(s) debe aparecer en ning\u00fan Sitio Web que pueda ser interpretado como difamatorio, obsceno o criminal, o que infrinja, viole de otra manera, o promueva la infracci\u00f3n u otra violaci\u00f3n de los derechos de terceros.  <\/p>\n<\/div><\/div>\n\n<div class=\"wp-block-uagb-container uagb-block-f6f3106f alignfull uagb-is-root-container\"><div class=\"uagb-container-inner-blocks-wrap\">\n<div class=\"wp-block-uagb-advanced-heading uagb-block-3506b99e\"><h3 class=\"uagb-heading-text\">Reserva de Derechos<\/h3><\/div>\n\n\n\n<p>Nos reservamos el derecho de solicitar que elimine todos los enlaces o cualquier enlace particular a nuestro Sitio Web. Usted aprueba eliminar inmediatamente todos los enlaces a nuestro Sitio Web bajo petici\u00f3n. Tambi\u00e9n nos reservamos el derecho de modificar estos t\u00e9rminos y condiciones y su pol\u00edtica de enlaces en cualquier momento. Al continuar enlazando a nuestro Sitio Web, usted acepta estar obligado y seguir estos t\u00e9rminos y condiciones de enlace.   <\/p>\n<\/div><\/div>\n\n<div class=\"wp-block-uagb-container uagb-block-ceac367d alignfull uagb-is-root-container\"><div class=\"uagb-container-inner-blocks-wrap\">\n<div class=\"wp-block-uagb-advanced-heading uagb-block-6fcce5db\"><h3 class=\"uagb-heading-text\">Eliminaci\u00f3n de enlaces de nuestro sitio web<\/h3><\/div>\n\n\n\n<p style=\"margin-bottom:0\">Si encuentra alg\u00fan enlace en nuestro Sitio Web que sea ofensivo por cualquier raz\u00f3n, es libre de <strong><a href=\"https:\/\/braziloffbeat.com\/es\/contacto\/\" class=\"ek-link\">contactarnos e informarnos<\/a><\/strong> en cualquier momento. Consideraremos solicitudes para eliminar enlaces, pero no estamos obligados a hacerlo o a responderle directamente. <\/p>\n\n\n\n<p>No garantizamos que la informaci\u00f3n en este sitio web sea correcta, no garantizamos su integridad o exactitud; ni prometemos asegurar que el sitio web permanezca disponible o que el material en el sitio web se mantenga actualizado.<\/p>\n<\/div><\/div>\n\n<div class=\"wp-block-uagb-container uagb-block-3e969c46 alignfull uagb-is-root-container\"><div class=\"uagb-container-inner-blocks-wrap\">\n<div class=\"wp-block-uagb-advanced-heading uagb-block-a44ce260\"><h3 class=\"uagb-heading-text\">Aviso legal<\/h3><\/div>\n\n\n\n<p style=\"margin-bottom:0\">En la m\u00e1xima medida permitida por la ley aplicable, excluimos todas las representaciones, garant\u00edas y condiciones relacionadas con nuestro sitio web y el uso de este sitio web. Nada en este descargo de responsabilidad: <\/p>\n\n\n\n<ul class=\"wp-block-list\">\n<li>Limitar\u00e1 o excluir\u00e1 nuestra o su responsabilidad por muerte o lesiones personales;<\/li>\n\n\n\n<li style=\"margin-bottom:0\">Limitar o excluir nuestra responsabilidad o la suya por fraude o tergiversaci\u00f3n fraudulenta;<\/li>\n\n\n\n<li>Limitar cualquiera de nuestras responsabilidades o las suyas de cualquier manera que no est\u00e9 permitida por la ley aplicable; o<\/li>\n\n\n\n<li>Excluir cualquiera de nuestras responsabilidades o las suyas que no puedan ser excluidas seg\u00fan la ley aplicable.<\/li>\n<\/ul>\n\n\n\n<p style=\"margin-bottom:0\">Las limitaciones y prohibiciones de responsabilidad establecidas en esta Secci\u00f3n y en otras partes de esta exenci\u00f3n de responsabilidad: (a) est\u00e1n sujetas al p\u00e1rrafo anterior; y (b) rigen todas las responsabilidades que surjan bajo esta exenci\u00f3n de responsabilidad, incluidas las responsabilidades que surjan por contrato, por agravio y por incumplimiento de obligaciones legales.  <\/p>\n\n\n\n<p>Mientras el sitio web y la informaci\u00f3n y servicios en el sitio web se proporcionen de forma gratuita, no seremos responsables de ninguna p\u00e9rdida o da\u00f1o de cualquier naturaleza.<\/p>\n<\/div><\/div>\n\n<div class=\"wp-block-uagb-container uagb-block-d0714cf6 alignfull uagb-is-root-container\"><div class=\"uagb-container-inner-blocks-wrap\">\n<div class=\"wp-block-uagb-advanced-heading uagb-block-3e115e0f\"><h3 class=\"uagb-heading-text\">Informaci\u00f3n Adicional sobre las Pol\u00edticas del Sitio<\/h3><\/div>\n\n\n\n<p>Para obtener informaci\u00f3n adicional sobre las pol\u00edticas de Brazil Offbeat, por favor consulte nuestra <a class=\"ek-link\" href=\"https:\/\/braziloffbeat.com\/es\/politica-de-divulgacion\/\"><mark style=\"background-color:rgba(0, 0, 0, 0);color:#ef9800\" class=\"has-inline-color\"> <\/mark><strong>Pol\u00edtica de Divulgaci\u00f3n<\/strong><\/a> y <strong><a class=\"ek-link\" href=\"https:\/\/braziloffbeat.com\/es\/politica-de-privacidad\/\">Pol\u00edtica de Privacidad<\/a><\/strong>. Nuestros T\u00e9rminos y Condiciones fueron creados con la ayuda del <a class=\"ek-link\" href=\"https:\/\/www.privacypolicyonline.com\/terms-conditions-generator\/\" target=\"_blank\" rel=\"noreferrer noopener\"><strong>Generador en L\u00ednea de T\u00e9rminos y Condiciones<\/strong><\/a> y el <a class=\"ek-link\" href=\"https:\/\/www.termsconditionsgenerator.com\/\" target=\"_blank\" rel=\"noreferrer noopener\"><strong><mark style=\"background-color:rgba(0, 0, 0, 0);color:#ea6600\" class=\"has-inline-color\">Generador Gratuito de T\u00e9rminos y Condiciones<\/mark><\/strong><\/a>. <\/p>\n<\/div><\/div>\n\n<div class=\"wp-block-uagb-container uagb-block-ad0dad12 alignfull uagb-is-root-container\"><div class=\"uagb-container-inner-blocks-wrap\">\n<div class=\"wp-block-uagb-advanced-heading uagb-block-a98e12e3\"><h3 class=\"uagb-heading-text\">Informaci\u00f3n de contacto<\/h3><\/div>\n\n\n\n<p>En cualquier momento, por favor <strong><a href=\"https:\/\/braziloffbeat.com\/es\/contacto\/\" class=\"ek-link\">cont\u00e1ctenos<\/a><\/strong> para preguntas relacionadas con estos T\u00e9rminos y Condiciones.<\/p>\n<\/div><\/div>\n","protected":false},"excerpt":{"rendered":"<p>T\u00e9rminos y Condiciones \u00a1Bienvenido a Brazil Offbeat! Estos t\u00e9rminos y condiciones delinean las normas y regulaciones para el uso del [&hellip;]<\/p>\n","protected":false},"author":1,"featured_media":0,"parent":0,"menu_order":0,"comment_status":"closed","ping_status":"closed","template":"","meta":{"_editorskit_title_hidden":false,"_editorskit_reading_time":0,"_editorskit_is_block_options_detached":false,"_editorskit_block_options_position":"{}","_uag_custom_page_level_css":"","site-sidebar-layout":"default","site-content-layout":"","ast-site-content-layout":"default","site-content-style":"default","site-sidebar-style":"default","ast-global-header-display":"","ast-banner-title-visibility":"","ast-main-header-display":"","ast-hfb-above-header-display":"","ast-hfb-below-header-display":"","ast-hfb-mobile-header-display":"","site-post-title":"","ast-breadcrumbs-content":"","ast-featured-img":"","footer-sml-layout":"","ast-disable-related-posts":"","theme-transparent-header-meta":"","adv-header-id-meta":"","stick-header-meta":"","header-above-stick-meta":"","header-main-stick-meta":"","header-below-stick-meta":"","astra-migrate-meta-layouts":"default","ast-page-background-enabled":"default","ast-page-background-meta":{"desktop":{"background-color":"","background-image":"","background-repeat":"repeat","background-position":"center center","background-size":"auto","background-attachment":"scroll","background-type":"","background-media":"","overlay-type":"","overlay-color":"","overlay-opacity":"","overlay-gradient":""},"tablet":{"background-color":"","background-image":"","background-repeat":"repeat","background-position":"center center","background-size":"auto","background-attachment":"scroll","background-type":"","background-media":"","overlay-type":"","overlay-color":"","overlay-opacity":"","overlay-gradient":""},"mobile":{"background-color":"","background-image":"","background-repeat":"repeat","background-position":"center center","background-size":"auto","background-attachment":"scroll","background-type":"","background-media":"","overlay-type":"","overlay-color":"","overlay-opacity":"","overlay-gradient":""}},"ast-content-background-meta":{"desktop":{"background-color":"var(--ast-global-color-5)","background-image":"","background-repeat":"repeat","background-position":"center center","background-size":"auto","background-attachment":"scroll","background-type":"","background-media":"","overlay-type":"","overlay-color":"","overlay-opacity":"","overlay-gradient":""},"tablet":{"background-color":"var(--ast-global-color-5)","background-image":"","background-repeat":"repeat","background-position":"center center","background-size":"auto","background-attachment":"scroll","background-type":"","background-media":"","overlay-type":"","overlay-color":"","overlay-opacity":"","overlay-gradient":""},"mobile":{"background-color":"var(--ast-global-color-5)","background-image":"","background-repeat":"repeat","background-position":"center center","background-size":"auto","background-attachment":"scroll","background-type":"","background-media":"","overlay-type":"","overlay-color":"","overlay-opacity":"","overlay-gradient":""}},"_wp_convertkit_post_meta":{"form":"-1","landing_page":"0","tag":"0","restrict_content":"0"},"footnotes":""},"class_list":["post-5040","page","type-page","status-publish","hentry"],"uagb_featured_image_src":{"full":false,"thumbnail":false,"medium":false,"medium_large":false,"large":false,"1536x1536":false,"2048x2048":false},"uagb_author_info":{"display_name":"Evelize Queiroz","author_link":"https:\/\/braziloffbeat.com\/es\/author\/braziloffbeat-com\/"},"uagb_comment_info":0,"uagb_excerpt":"T\u00e9rminos y Condiciones \u00a1Bienvenido a Brazil Offbeat! Estos t\u00e9rminos y condiciones delinean las normas y regulaciones para el uso del [&hellip;]","_links":{"self":[{"href":"https:\/\/braziloffbeat.com\/es\/wp-json\/wp\/v2\/pages\/5040","targetHints":{"allow":["GET"]}}],"collection":[{"href":"https:\/\/braziloffbeat.com\/es\/wp-json\/wp\/v2\/pages"}],"about":[{"href":"https:\/\/braziloffbeat.com\/es\/wp-json\/wp\/v2\/types\/page"}],"author":[{"embeddable":true,"href":"https:\/\/braziloffbeat.com\/es\/wp-json\/wp\/v2\/users\/1"}],"replies":[{"embeddable":true,"href":"https:\/\/braziloffbeat.com\/es\/wp-json\/wp\/v2\/comments?post=5040"}],"version-history":[{"count":4,"href":"https:\/\/braziloffbeat.com\/es\/wp-json\/wp\/v2\/pages\/5040\/revisions"}],"predecessor-version":[{"id":5109,"href":"https:\/\/braziloffbeat.com\/es\/wp-json\/wp\/v2\/pages\/5040\/revisions\/5109"}],"wp:attachment":[{"href":"https:\/\/braziloffbeat.com\/es\/wp-json\/wp\/v2\/media?parent=5040"}],"curies":[{"name":"wp","href":"https:\/\/api.w.org\/{rel}","templated":true}]}}