{"id":5049,"date":"2024-05-25T15:27:04","date_gmt":"2024-05-25T18:27:04","guid":{"rendered":"https:\/\/braziloffbeat.com\/acerca-de\/"},"modified":"2026-01-14T16:18:58","modified_gmt":"2026-01-14T19:18:58","slug":"acerca-de","status":"publish","type":"page","link":"https:\/\/braziloffbeat.com\/es\/acerca-de\/","title":{"rendered":"Acerca de"},"content":{"rendered":"\n<div class=\"wp-block-uagb-container uagb-block-3cccbad4 alignfull uagb-is-root-container\"><div class=\"uagb-container-inner-blocks-wrap\">\n<div class=\"wp-block-uagb-advanced-heading uagb-block-b2acb170\"><h1 class=\"uagb-heading-text\"><strong>Acerca de<\/strong><\/h1><\/div>\n<\/div><\/div>\n\n<div class=\"wp-block-uagb-container uagb-block-8fd792d8 alignfull uagb-is-root-container\"><div class=\"uagb-container-inner-blocks-wrap\">\n<div class=\"wp-block-uagb-container uagb-block-3cc4a0cb\">\n<div class=\"wp-block-uagb-advanced-heading uagb-block-478d8014\"><h4 class=\"uagb-heading-text\">\u00a1Saludos cordiales! \u00a1Soy Evelize! <\/h4><\/div>\n\n\n\n<div class=\"wp-block-uagb-advanced-heading uagb-block-c662eb22\"><h2 class=\"uagb-heading-text\">\u00a1Bienvenido a mi blog!<\/h2><div class=\"uagb-separator\"><\/div><p class=\"uagb-desc-text\">\u00a1Reciba usted un cordial saludo! Mi nombre es Evelize Queiroz, y soy una persona que disfruta enormemente de viajar, experimentar diversas vivencias, conocer a nuevas personas, descubrir lugares inexplorados y culturas diferentes; en resumen, explorar y apreciar el mundo en todas sus manifestaciones. <\/p><\/div>\n\n\n\n<p>He ejercido la abogac\u00eda durante ocho a\u00f1os, no obstante, he tomado la decisi\u00f3n de emprender nuevos rumbos y explorar aquellas facetas que me resultan gratificantes y me brindan una profunda realizaci\u00f3n personal.<\/p>\n\n\n\n<p>Aunando mi amor por la escritura, mi pasi\u00f3n por los viajes y el maravilloso pa\u00eds en el que resido, el cual alberga lugares deslumbrantes, playas exuberantes y una cultura rica, he llegado a la conclusi\u00f3n de que podr\u00eda dedicarme a escribir sobre Brasil.<\/p>\n\n\n\n<div class=\"wp-block-uagb-container uagb-block-4ade9a46\">\n<div class=\"wp-block-uagb-image uagb-block-1241f108 wp-block-uagb-image--layout-default wp-block-uagb-image--effect-static wp-block-uagb-image--align-none\"><figure class=\"wp-block-uagb-image__figure\"><img decoding=\"async\" srcset=\"https:\/\/braziloffbeat.com\/wp-content\/uploads\/2024\/06\/About-me-page-Campos-do-Jordao-1024x1021.jpeg ,https:\/\/braziloffbeat.com\/wp-content\/uploads\/2024\/06\/About-me-page-Campos-do-Jordao.jpeg 780w, https:\/\/braziloffbeat.com\/wp-content\/uploads\/2024\/06\/About-me-page-Campos-do-Jordao.jpeg 360w\" sizes=\"auto, (max-width: 480px) 150px\" src=\"https:\/\/braziloffbeat.com\/wp-content\/uploads\/2024\/06\/About-me-page-Campos-do-Jordao-1024x1021.jpeg\" alt=\"\" class=\"uag-image-3224\" width=\"1024\" height=\"1021\" title=\"P\u00e1gina sobre m\u00ed - Campos do Jord\u00e3o\" loading=\"lazy\" role=\"img\"><\/figure><\/div>\n<\/div>\n<\/div>\n\n\n\n<div class=\"wp-block-uagb-container uagb-block-336d6e4e\">\n<div class=\"wp-block-uagb-image uagb-block-0b32e2d8 wp-block-uagb-image--layout-default wp-block-uagb-image--effect-static wp-block-uagb-image--align-none\"><figure class=\"wp-block-uagb-image__figure\"><img decoding=\"async\" srcset=\"https:\/\/braziloffbeat.com\/wp-content\/uploads\/2024\/06\/About-me-page-Sao-Paulo-1024x768.jpeg ,https:\/\/braziloffbeat.com\/wp-content\/uploads\/2024\/06\/About-me-page-Sao-Paulo.jpeg 780w, https:\/\/braziloffbeat.com\/wp-content\/uploads\/2024\/06\/About-me-page-Sao-Paulo.jpeg 360w\" sizes=\"auto, (max-width: 480px) 150px\" src=\"https:\/\/braziloffbeat.com\/wp-content\/uploads\/2024\/06\/About-me-page-Sao-Paulo-1024x768.jpeg\" alt=\"\" class=\"uag-image-3222\" width=\"1024\" height=\"768\" title=\"P\u00e1gina sobre m\u00ed - S\u00e3o Paulo\" loading=\"lazy\" role=\"img\"><\/figure><\/div>\n\n\n\n<p>Adem\u00e1s, he observado que existe una escasez de contenido exhaustivo sobre Brasil en otros idiomas, predominando la informaci\u00f3n en portugu\u00e9s. Esta situaci\u00f3n podr\u00eda, en cierta medida, representar una desventaja para los turistas que buscan informaci\u00f3n sobre Brasil en otros idiomas. <\/p>\n\n\n\n<p>A medida que usted se sumerja en los art\u00edculos, albergo la sincera esperanza de inspirarle a emprender su propia aventura a trav\u00e9s de Brasil, donde le aguardan descubrimientos extraordinarios y recuerdos inolvidables a cada paso.<\/p>\n\n\n\n<p>\u00a1Le agradezco profundamente su presencia!<\/p>\n\n\n\n<p>\u00a1Reciba usted mis m\u00e1s cordiales saludos, Evelize!<\/p>\n\n\n\n<div class=\"wp-block-uagb-container uagb-block-e7800b9b\">\n<ul class=\"wp-block-social-links has-icon-color is-style-logos-only is-layout-flex wp-block-social-links-is-layout-flex\"><li style=\"color:#ef9800;\" class=\"wp-social-link wp-social-link-facebook  wp-block-social-link\"><a rel=\"noopener nofollow\" target=\"_blank\" href=\"https:\/\/www.facebook.com\/evelize.rodrigues.5\" class=\"wp-block-social-link-anchor\"><svg width=\"24\" height=\"24\" viewBox=\"0 0 24 24\" version=\"1.1\" xmlns=\"http:\/\/www.w3.org\/2000\/svg\" aria-hidden=\"true\" focusable=\"false\"><path d=\"M12 2C6.5 2 2 6.5 2 12c0 5 3.7 9.1 8.4 9.9v-7H7.9V12h2.5V9.8c0-2.5 1.5-3.9 3.8-3.9 1.1 0 2.2.2 2.2.2v2.5h-1.3c-1.2 0-1.6.8-1.6 1.6V12h2.8l-.4 2.9h-2.3v7C18.3 21.1 22 17 22 12c0-5.5-4.5-10-10-10z\"><\/path><\/svg><span class=\"wp-block-social-link-label screen-reader-text\">Facebook<\/span><\/a><\/li>\n\n<li style=\"color:#ef9800;\" class=\"wp-social-link wp-social-link-instagram  wp-block-social-link\"><a rel=\"noopener nofollow\" target=\"_blank\" href=\"https:\/\/www.instagram.com\/evelize_queiroz\/\" class=\"wp-block-social-link-anchor\"><svg width=\"24\" height=\"24\" viewBox=\"0 0 24 24\" version=\"1.1\" xmlns=\"http:\/\/www.w3.org\/2000\/svg\" aria-hidden=\"true\" focusable=\"false\"><path d=\"M12,4.622c2.403,0,2.688,0.009,3.637,0.052c0.877,0.04,1.354,0.187,1.671,0.31c0.42,0.163,0.72,0.358,1.035,0.673 c0.315,0.315,0.51,0.615,0.673,1.035c0.123,0.317,0.27,0.794,0.31,1.671c0.043,0.949,0.052,1.234,0.052,3.637 s-0.009,2.688-0.052,3.637c-0.04,0.877-0.187,1.354-0.31,1.671c-0.163,0.42-0.358,0.72-0.673,1.035 c-0.315,0.315-0.615,0.51-1.035,0.673c-0.317,0.123-0.794,0.27-1.671,0.31c-0.949,0.043-1.233,0.052-3.637,0.052 s-2.688-0.009-3.637-0.052c-0.877-0.04-1.354-0.187-1.671-0.31c-0.42-0.163-0.72-0.358-1.035-0.673 c-0.315-0.315-0.51-0.615-0.673-1.035c-0.123-0.317-0.27-0.794-0.31-1.671C4.631,14.688,4.622,14.403,4.622,12 s0.009-2.688,0.052-3.637c0.04-0.877,0.187-1.354,0.31-1.671c0.163-0.42,0.358-0.72,0.673-1.035 c0.315-0.315,0.615-0.51,1.035-0.673c0.317-0.123,0.794-0.27,1.671-0.31C9.312,4.631,9.597,4.622,12,4.622 M12,3 C9.556,3,9.249,3.01,8.289,3.054C7.331,3.098,6.677,3.25,6.105,3.472C5.513,3.702,5.011,4.01,4.511,4.511 c-0.5,0.5-0.808,1.002-1.038,1.594C3.25,6.677,3.098,7.331,3.054,8.289C3.01,9.249,3,9.556,3,12c0,2.444,0.01,2.751,0.054,3.711 c0.044,0.958,0.196,1.612,0.418,2.185c0.23,0.592,0.538,1.094,1.038,1.594c0.5,0.5,1.002,0.808,1.594,1.038 c0.572,0.222,1.227,0.375,2.185,0.418C9.249,20.99,9.556,21,12,21s2.751-0.01,3.711-0.054c0.958-0.044,1.612-0.196,2.185-0.418 c0.592-0.23,1.094-0.538,1.594-1.038c0.5-0.5,0.808-1.002,1.038-1.594c0.222-0.572,0.375-1.227,0.418-2.185 C20.99,14.751,21,14.444,21,12s-0.01-2.751-0.054-3.711c-0.044-0.958-0.196-1.612-0.418-2.185c-0.23-0.592-0.538-1.094-1.038-1.594 c-0.5-0.5-1.002-0.808-1.594-1.038c-0.572-0.222-1.227-0.375-2.185-0.418C14.751,3.01,14.444,3,12,3L12,3z M12,7.378 c-2.552,0-4.622,2.069-4.622,4.622S9.448,16.622,12,16.622s4.622-2.069,4.622-4.622S14.552,7.378,12,7.378z M12,15 c-1.657,0-3-1.343-3-3s1.343-3,3-3s3,1.343,3,3S13.657,15,12,15z M16.804,6.116c-0.596,0-1.08,0.484-1.08,1.08 s0.484,1.08,1.08,1.08c0.596,0,1.08-0.484,1.08-1.08S17.401,6.116,16.804,6.116z\"><\/path><\/svg><span class=\"wp-block-social-link-label screen-reader-text\">Instagram<\/span><\/a><\/li>\n\n<li style=\"color:#ef9800;\" class=\"wp-social-link wp-social-link-linkedin  wp-block-social-link\"><a rel=\"noopener nofollow\" target=\"_blank\" href=\"https:\/\/www.linkedin.com\/in\/evelize-queiroz-86601275\/\" class=\"wp-block-social-link-anchor\"><svg width=\"24\" height=\"24\" viewBox=\"0 0 24 24\" version=\"1.1\" xmlns=\"http:\/\/www.w3.org\/2000\/svg\" aria-hidden=\"true\" focusable=\"false\"><path d=\"M19.7,3H4.3C3.582,3,3,3.582,3,4.3v15.4C3,20.418,3.582,21,4.3,21h15.4c0.718,0,1.3-0.582,1.3-1.3V4.3 C21,3.582,20.418,3,19.7,3z M8.339,18.338H5.667v-8.59h2.672V18.338z M7.004,8.574c-0.857,0-1.549-0.694-1.549-1.548 c0-0.855,0.691-1.548,1.549-1.548c0.854,0,1.547,0.694,1.547,1.548C8.551,7.881,7.858,8.574,7.004,8.574z M18.339,18.338h-2.669 v-4.177c0-0.996-0.017-2.278-1.387-2.278c-1.389,0-1.601,1.086-1.601,2.206v4.249h-2.667v-8.59h2.559v1.174h0.037 c0.356-0.675,1.227-1.387,2.526-1.387c2.703,0,3.203,1.779,3.203,4.092V18.338z\"><\/path><\/svg><span class=\"wp-block-social-link-label screen-reader-text\">LinkedIn<\/span><\/a><\/li><\/ul>\n<\/div>\n<\/div>\n<\/div><\/div>\n\n<div class=\"wp-block-uagb-container uagb-block-b92bbd29 alignfull uagb-is-root-container\"><div class=\"uagb-container-inner-blocks-wrap\">\n<div class=\"wp-block-uagb-container uagb-block-c60fabcb\">\n<div class=\"wp-block-uagb-advanced-heading uagb-block-704eff65\"><h3 class=\"uagb-heading-text\">\u00a1Suscr\u00edbase Ahora para Obtener los Mejores <mark style=\"background-color:rgba(0, 0, 0, 0);color:#ea6600\" class=\"has-inline-color\">Consejos de Viaje<\/mark> para explorar Brasil!<\/h3><p class=\"uagb-desc-text\">Obtenga consejos de viaje de expertos, itinerarios detallados y recomendaciones privilegiadas para su viaje.<\/p><\/div>\n<\/div>\n\n\n\n<div class=\"wp-block-uagb-forms uagb-forms__outer-wrap uagb-block-dbb7b18e uagb-forms__medium-btn\"><form class=\"uagb-forms-main-form\" method=\"post\" autocomplete=\"on\" name=\"uagb-form-dbb7b18e\">\n<div class=\"wp-block-uagb-forms-name uagb-forms-name-wrap uagb-forms-field-set uagb-block-00e46b59\"><div class=\"uagb-forms-name-label required uagb-forms-input-label\" id=\"00e46b59\">Nombre<\/div><input type=\"text\" placeholder=\"Su Nombre*\" required=\"\" class=\"uagb-forms-name-input uagb-forms-input\" name=\"00e46b59\" autocomplete=\"name\"><\/div>\n\n\n\n<div class=\"wp-block-uagb-forms-email uagb-forms-email-wrap uagb-forms-field-set uagb-block-8d862ebf\"><div class=\"uagb-forms-email-label uagb-forms-input-label\" id=\"8d862ebf\">Correo Electr\u00f3nico<\/div><input type=\"email\" class=\"uagb-forms-email-input uagb-forms-input\" placeholder=\"Su Correo Electr\u00f3nico*\" name=\"8d862ebf\" autocomplete=\"email\"><\/div>\n<div class=\"uagb-forms-form-hidden-data\"><input type=\"hidden\" class=\"uagb_forms_form_label\" value=\"Spectra Form\"\/><input type=\"hidden\" class=\"uagb_forms_form_id\" value=\"uagb-form-dbb7b18e\"\/><\/div><div class=\"uagb-form-reacaptcha-error-dbb7b18e\"><\/div><div class=\"uagb-forms-main-submit-button-wrap wp-block-button\"><button class=\"uagb-forms-main-submit-button wp-block-button__link\"><div class=\"uagb-forms-main-submit-button-text\">Enviar<\/div><\/button><\/div><\/form><div class=\"uagb-forms-success-message-dbb7b18e uagb-forms-submit-message-hide\"><span>The form has been submitted successfully!<\/span><\/div><div class=\"uagb-forms-failed-message-dbb7b18e uagb-forms-submit-message-hide\"><span>There has been some error while submitting the form. Please verify all form fields again.<\/span><\/div><\/div>\n<\/div><\/div>\n","protected":false},"excerpt":{"rendered":"<p>Acerca de \u00a1Saludos cordiales! \u00a1Soy Evelize! \u00a1Bienvenido a mi blog! \u00a1Reciba usted un cordial saludo! Mi nombre es Evelize Queiroz, [&hellip;]<\/p>\n","protected":false},"author":1,"featured_media":0,"parent":0,"menu_order":0,"comment_status":"closed","ping_status":"closed","template":"","meta":{"_editorskit_title_hidden":false,"_editorskit_reading_time":0,"_editorskit_is_block_options_detached":false,"_editorskit_block_options_position":"{}","_uag_custom_page_level_css":"","site-sidebar-layout":"no-sidebar","site-content-layout":"plain-container","ast-site-content-layout":"normal-width-container","site-content-style":"unboxed","site-sidebar-style":"unboxed","ast-global-header-display":"","ast-banner-title-visibility":"","ast-main-header-display":"","ast-hfb-above-header-display":"","ast-hfb-below-header-display":"","ast-hfb-mobile-header-display":"","site-post-title":"disabled","ast-breadcrumbs-content":"","ast-featured-img":"disabled","footer-sml-layout":"","ast-disable-related-posts":"","theme-transparent-header-meta":"default","adv-header-id-meta":"","stick-header-meta":"","header-above-stick-meta":"","header-main-stick-meta":"","header-below-stick-meta":"","astra-migrate-meta-layouts":"default","ast-page-background-enabled":"default","ast-page-background-meta":{"desktop":{"background-color":"","background-image":"","background-repeat":"repeat","background-position":"center center","background-size":"auto","background-attachment":"scroll","background-type":"","background-media":"","overlay-type":"","overlay-color":"","overlay-opacity":"","overlay-gradient":""},"tablet":{"background-color":"","background-image":"","background-repeat":"repeat","background-position":"center center","background-size":"auto","background-attachment":"scroll","background-type":"","background-media":"","overlay-type":"","overlay-color":"","overlay-opacity":"","overlay-gradient":""},"mobile":{"background-color":"","background-image":"","background-repeat":"repeat","background-position":"center center","background-size":"auto","background-attachment":"scroll","background-type":"","background-media":"","overlay-type":"","overlay-color":"","overlay-opacity":"","overlay-gradient":""}},"ast-content-background-meta":{"desktop":{"background-color":"var(--ast-global-color-5)","background-image":"","background-repeat":"repeat","background-position":"center center","background-size":"auto","background-attachment":"scroll","background-type":"","background-media":"","overlay-type":"","overlay-color":"","overlay-opacity":"","overlay-gradient":""},"tablet":{"background-color":"var(--ast-global-color-5)","background-image":"","background-repeat":"repeat","background-position":"center center","background-size":"auto","background-attachment":"scroll","background-type":"","background-media":"","overlay-type":"","overlay-color":"","overlay-opacity":"","overlay-gradient":""},"mobile":{"background-color":"var(--ast-global-color-5)","background-image":"","background-repeat":"repeat","background-position":"center center","background-size":"auto","background-attachment":"scroll","background-type":"","background-media":"","overlay-type":"","overlay-color":"","overlay-opacity":"","overlay-gradient":""}},"_wp_convertkit_post_meta":{"form":"-1","landing_page":"0","tag":"0","restrict_content":"0"},"footnotes":""},"class_list":["post-5049","page","type-page","status-publish","hentry"],"uagb_featured_image_src":{"full":false,"thumbnail":false,"medium":false,"medium_large":false,"large":false,"1536x1536":false,"2048x2048":false},"uagb_author_info":{"display_name":"Evelize Queiroz","author_link":"https:\/\/braziloffbeat.com\/es\/author\/braziloffbeat-com\/"},"uagb_comment_info":0,"uagb_excerpt":"Acerca de \u00a1Saludos cordiales! \u00a1Soy Evelize! \u00a1Bienvenido a mi blog! \u00a1Reciba usted un cordial saludo! Mi nombre es Evelize Queiroz, [&hellip;]","_links":{"self":[{"href":"https:\/\/braziloffbeat.com\/es\/wp-json\/wp\/v2\/pages\/5049","targetHints":{"allow":["GET"]}}],"collection":[{"href":"https:\/\/braziloffbeat.com\/es\/wp-json\/wp\/v2\/pages"}],"about":[{"href":"https:\/\/braziloffbeat.com\/es\/wp-json\/wp\/v2\/types\/page"}],"author":[{"embeddable":true,"href":"https:\/\/braziloffbeat.com\/es\/wp-json\/wp\/v2\/users\/1"}],"replies":[{"embeddable":true,"href":"https:\/\/braziloffbeat.com\/es\/wp-json\/wp\/v2\/comments?post=5049"}],"version-history":[{"count":8,"href":"https:\/\/braziloffbeat.com\/es\/wp-json\/wp\/v2\/pages\/5049\/revisions"}],"predecessor-version":[{"id":6145,"href":"https:\/\/braziloffbeat.com\/es\/wp-json\/wp\/v2\/pages\/5049\/revisions\/6145"}],"wp:attachment":[{"href":"https:\/\/braziloffbeat.com\/es\/wp-json\/wp\/v2\/media?parent=5049"}],"curies":[{"name":"wp","href":"https:\/\/api.w.org\/{rel}","templated":true}]}}