{"id":5054,"date":"2024-05-25T15:27:04","date_gmt":"2024-05-25T18:27:04","guid":{"rendered":"https:\/\/braziloffbeat.com\/inicio\/"},"modified":"2025-11-12T11:38:55","modified_gmt":"2025-11-12T14:38:55","slug":"inicio","status":"publish","type":"page","link":"https:\/\/braziloffbeat.com\/es\/","title":{"rendered":"Inicio"},"content":{"rendered":"\n<div class=\"wp-block-uagb-container uagb-block-6c959d0c alignfull uagb-is-root-container\"><div class=\"uagb-container-inner-blocks-wrap\">\n<div class=\"wp-block-uagb-container uagb-block-b8120650\">\n<div class=\"wp-block-uagb-advanced-heading uagb-block-4efc2cce\"><h4 class=\"uagb-heading-text\">Descubra la Riqueza de Brasil<\/h4><\/div>\n\n\n\n<div class=\"wp-block-uagb-advanced-heading uagb-block-c71ffea7\"><h1 class=\"uagb-heading-text\"><strong>Bienvenido a Brazil Offbeat<\/strong><\/h1><p class=\"uagb-desc-text\">Desbloquee los secretos de Brasil con nuestras perspectivas, consejos y recomendaciones expertas para un viaje inolvidable.<\/p><\/div>\n\n\n\n<div class=\"wp-block-uagb-buttons uagb-buttons__outer-wrap uagb-btn__default-btn uagb-btn-tablet__default-btn uagb-btn-mobile__default-btn uagb-block-e9fb9470\"><div class=\"uagb-buttons__wrap uagb-buttons-layout-wrap \">\n<div class=\"wp-block-uagb-buttons-child uagb-buttons__outer-wrap uagb-block-623a3916 wp-block-button\"><div class=\"uagb-button__wrapper\"><a class=\"uagb-buttons-repeater wp-block-button__link\" aria-label=\"\" href=\"https:\/\/braziloffbeat.com\/es\/consejos-para-viajar-a-brasil\/\" rel=\"follow noopener\" target=\"_self\" role=\"button\"><div class=\"uagb-button__link\">Comenzar<\/div><\/a><\/div><\/div>\n<\/div><\/div>\n<\/div>\n<\/div><\/div>\n\n<div class=\"wp-block-uagb-container uagb-block-89be074d alignfull uagb-is-root-container\"><div class=\"uagb-container-inner-blocks-wrap\">\n<div class=\"wp-block-uagb-advanced-heading uagb-block-910e4e22\"><h2 class=\"uagb-heading-text\"> Destinos<\/h2><div class=\"uagb-separator\"><\/div><\/div>\n\n\n\n<div class=\"wp-block-uagb-container uagb-block-2dacec1d\">\n<div class=\"wp-block-uagb-container uagb-block-556d0dff\">\n<div class=\"wp-block-uagb-advanced-heading uagb-block-4d2da12e\"><h3 class=\"uagb-heading-text\"><a href=\"https:\/\/braziloffbeat.com\/es\/blogs-de-viaje-sobre-rio-de-janeiro\/\" target=\"_blank\" rel=\"noreferrer noopener\"><mark style=\"background-color:rgba(0, 0, 0, 0)\" class=\"has-inline-color has-ast-global-color-5-color\">Rio de Janeiro<\/mark><\/a><\/h3><p class=\"uagb-desc-text\"><a href=\"https:\/\/braziloffbeat.com\/es\/blogs-de-viaje-sobre-rio-de-janeiro\/\" target=\"_blank\" rel=\"noreferrer noopener\"><mark style=\"background-color:rgba(0, 0, 0, 0)\" class=\"has-inline-color has-ast-global-color-5-color\">Descubre todo sobre la ciudad maravillosa<\/mark><\/a><\/p><\/div>\n<\/div>\n\n\n\n<div class=\"wp-block-uagb-container uagb-block-8ec7f9c7\">\n<div class=\"wp-block-uagb-advanced-heading uagb-block-ffee9702\"><h3 class=\"uagb-heading-text\"><a href=\"https:\/\/braziloffbeat.com\/es\/sao-paulo-travel-guide-2\/\" target=\"_blank\" rel=\"noreferrer noopener\"><mark style=\"background-color:rgba(0, 0, 0, 0)\" class=\"has-inline-color has-ast-global-color-5-color\">S\u00e3o Paulo<\/mark><\/a><\/h3><p class=\"uagb-desc-text\"><a href=\"https:\/\/braziloffbeat.com\/es\/sao-paulo-travel-guide-2\/\" target=\"_blank\" rel=\"noreferrer noopener\"><mark style=\"background-color:rgba(0, 0, 0, 0)\" class=\"has-inline-color has-ast-global-color-5-color\">Sum\u00e9rgete en la emocionante S\u00e3o Paulo<\/mark><\/a><\/p><\/div>\n<\/div>\n\n\n\n<div class=\"wp-block-uagb-container uagb-block-49e4bd0a\">\n<div class=\"wp-block-uagb-advanced-heading uagb-block-2c61ed1f\"><h3 class=\"uagb-heading-text\"><a href=\"https:\/\/braziloffbeat.com\/es\/iguazu-falls-travel-guide-2\/\" target=\"_blank\" rel=\"noreferrer noopener\"><mark style=\"background-color:rgba(0, 0, 0, 0)\" class=\"has-inline-color has-ast-global-color-5-color\">Cataratas del Iguaz\u00fa<\/mark><\/a><\/h3><p class=\"uagb-desc-text\"><a href=\"https:\/\/braziloffbeat.com\/es\/iguazu-falls-travel-guide-2\/\" target=\"_blank\" rel=\"noreferrer noopener\"><mark style=\"background-color:rgba(0, 0, 0, 0)\" class=\"has-inline-color has-ast-global-color-5-color\">Explora las hermosas Cataratas del Iguaz\u00fa<\/mark><\/a><\/p><\/div>\n<\/div>\n\n\n\n<div class=\"wp-block-uagb-container uagb-block-c8b75c36\">\n<div class=\"wp-block-uagb-advanced-heading uagb-block-bb3c5b49\"><h3 class=\"uagb-heading-text\"><a href=\"https:\/\/braziloffbeat.com\/es\/blogs-de-viaje-sobre-salvador\/\" target=\"_blank\" rel=\"noreferrer noopener\"><mark style=\"background-color:rgba(0, 0, 0, 0)\" class=\"has-inline-color has-ast-global-color-5-color\">Salvador<\/mark><\/a><\/h3><p class=\"uagb-desc-text\"><a href=\"https:\/\/braziloffbeat.com\/es\/blogs-de-viaje-sobre-salvador\/\" target=\"_blank\" rel=\"noreferrer noopener\"><mark style=\"background-color:rgba(0, 0, 0, 0)\" class=\"has-inline-color has-ast-global-color-5-color\">Conoce m\u00e1s sobre la vibrante Salvador <\/mark><\/a><\/p><\/div>\n<\/div>\n<\/div>\n<\/div><\/div>\n\n<div class=\"wp-block-uagb-container uagb-block-844a9ebd alignfull uagb-is-root-container\"><div class=\"uagb-container-inner-blocks-wrap\">\n<div class=\"wp-block-uagb-container uagb-block-e97df309\">\n<div class=\"wp-block-uagb-image alignleft uagb-block-01634cf5 wp-block-uagb-image--layout-default wp-block-uagb-image--effect-static wp-block-uagb-image--align-left\"><figure class=\"wp-block-uagb-image__figure\"><img decoding=\"async\" srcset=\"https:\/\/braziloffbeat.com\/wp-content\/uploads\/2024\/06\/Evelize-1024x1024.jpeg ,https:\/\/braziloffbeat.com\/wp-content\/uploads\/2024\/06\/Evelize.jpeg 780w, https:\/\/braziloffbeat.com\/wp-content\/uploads\/2024\/06\/Evelize.jpeg 360w\" sizes=\"auto, (max-width: 480px) 150px\" src=\"https:\/\/braziloffbeat.com\/wp-content\/uploads\/2024\/06\/Evelize-1024x1024.jpeg\" alt=\"Evelize Queiroz Brazil Offbeat\" class=\"uag-image-3172\" width=\"541\" height=\"541\" title=\"Evelize\" loading=\"lazy\" role=\"img\"><\/figure><\/div>\n<\/div>\n\n\n\n<div class=\"wp-block-uagb-container uagb-block-e48f4732\">\n<div class=\"wp-block-uagb-advanced-heading uagb-block-12c9656a\"><h3 class=\"uagb-heading-text\"><mark style=\"background-color:rgba(0, 0, 0, 0);color:#ea6600\" class=\"has-inline-color\">Ol\u00e1!<\/mark><\/h3><\/div>\n\n\n\n<div class=\"wp-block-uagb-advanced-heading uagb-block-e0bae8ab\"><h2 class=\"uagb-heading-text\">\u00a1Soy Evelize!<\/h2><p class=\"uagb-desc-text\">Soy una abogada y bloguera de viajes brasile\u00f1a enamorada de mi pa\u00eds, el cual es un lugar muy singular con una rica cultura y lugares espectaculares.<\/p><\/div>\n\n\n\n<p class=\"has-text-align-center\">Cre\u00e9 Brazil Offbeat como un blog de viajes con el objetivo de compartir contigo m\u00e1s informaci\u00f3n sobre este hermoso pa\u00eds: itinerarios, consejos de hoteles, excursiones, lugares para visitar, restaurantes, formas de moverse, as\u00ed como consejos sobre los brasile\u00f1os, su estilo de vida, cultura, gastronom\u00eda, seguridad y mucho m\u00e1s. \u00a1Espero que lo disfrutes!<\/p>\n\n\n\n<div class=\"wp-block-uagb-container uagb-block-87ed8f08\">\n<div class=\"wp-block-buttons is-content-justification-center is-layout-flex wp-container-core-buttons-is-layout-a89b3969 wp-block-buttons-is-layout-flex\">\n<div class=\"wp-block-button\"><a class=\"wp-block-button__link has-text-align-center wp-element-button\" href=\"https:\/\/braziloffbeat.com\/es\/acerca-de\/\">Acerca de M\u00ed<\/a><\/div>\n<\/div>\n<\/div>\n<\/div>\n<\/div><\/div>\n\n<div class=\"wp-block-uagb-container uagb-block-3c2b710f alignfull uagb-is-root-container\"><div class=\"uagb-container-inner-blocks-wrap\">\n<div class=\"wp-block-uagb-advanced-heading uagb-block-48c2f920\"><h2 class=\"uagb-heading-text\">Art\u00edculos M\u00e1s Recientes<\/h2><div class=\"uagb-separator\"><\/div><\/div>\n\n\n\n\t\t\t<div class=\"wp-block-uagb-post-grid uagb-post-grid  uagb-post__image-position-top uagb-post__image-enabled uagb-block-f59c426d     uagb-post__items uagb-post__columns-3 is-grid uagb-post__columns-tablet-2 uagb-post__columns-mobile-1 uagb-post__equal-height\" data-total=\"4\" style=\"\">\n\n\t\t\t\t\t\t\t\t\t\t\t\t<article class=\"uagb-post__inner-wrap\">\t\t\t\t\t\t\t\t<div class='uagb-post__image'>\n\t\t\t\t\t\t\t\t\t<a href=\"https:\/\/braziloffbeat.com\/es\/vale-la-pena-visitar-rio-de-janeiro\/\" target=\"_self\" rel=\"bookmark noopener noreferrer\" class='uagb-image-ratio-2-3'><img decoding=\"async\" width=\"1024\" height=\"682\" src=\"https:\/\/braziloffbeat.com\/wp-content\/uploads\/2026\/04\/Rio-de-Janeiro-View-1024x682.jpg\" class=\"attachment-large size-large\" alt=\"\" srcset=\"https:\/\/braziloffbeat.com\/wp-content\/uploads\/2026\/04\/Rio-de-Janeiro-View-1024x682.jpg 1024w, https:\/\/braziloffbeat.com\/wp-content\/uploads\/2026\/04\/Rio-de-Janeiro-View-300x200.jpg 300w, https:\/\/braziloffbeat.com\/wp-content\/uploads\/2026\/04\/Rio-de-Janeiro-View-768x512.jpg 768w, https:\/\/braziloffbeat.com\/wp-content\/uploads\/2026\/04\/Rio-de-Janeiro-View.jpg 1280w\" sizes=\"(max-width: 1024px) 100vw, 1024px\">\t\t\t\t\t<\/a>\n\t\t\t\t\t\t\t<\/div>\n\t\t\t\t\t\t<h4 class=\"uagb-post__title uagb-post__text\">\n\t\t\t\t<a href=\"https:\/\/braziloffbeat.com\/es\/vale-la-pena-visitar-rio-de-janeiro\/\" target=\"_self\" rel=\"bookmark noopener noreferrer\">\u00bfVale la pena visitar R\u00edo de Janeiro? (2026) (2026)<\/a>\n\t\t\t<\/h4>\n\t\t\t\t\t\t<div class='uagb-post__text uagb-post-grid-byline'>\n\t\t\t\t\t\t\t<\/div>\n\t\t\t\n\t\t\t\t\t\t\t\t\t<\/article>\n\t\t\t\t\t\t\t\t\t\t\t\t\t\t\t\t<article class=\"uagb-post__inner-wrap\">\t\t\t\t\t\t\t\t<div class='uagb-post__image'>\n\t\t\t\t\t\t\t\t\t<a href=\"https:\/\/braziloffbeat.com\/es\/cosas-para-hacer-en-sao-paulo\/\" target=\"_self\" rel=\"bookmark noopener noreferrer\" class='uagb-image-ratio-2-3'><img decoding=\"async\" width=\"1024\" height=\"768\" src=\"https:\/\/braziloffbeat.com\/wp-content\/uploads\/2026\/01\/View-of-Sao-Paulo-1-1024x768.jpeg\" class=\"attachment-large size-large\" alt=\"\" srcset=\"https:\/\/braziloffbeat.com\/wp-content\/uploads\/2026\/01\/View-of-Sao-Paulo-1-1024x768.jpeg 1024w, https:\/\/braziloffbeat.com\/wp-content\/uploads\/2026\/01\/View-of-Sao-Paulo-1-300x225.jpeg 300w, https:\/\/braziloffbeat.com\/wp-content\/uploads\/2026\/01\/View-of-Sao-Paulo-1-768x576.jpeg 768w, https:\/\/braziloffbeat.com\/wp-content\/uploads\/2026\/01\/View-of-Sao-Paulo-1.jpeg 1280w\" sizes=\"(max-width: 1024px) 100vw, 1024px\">\t\t\t\t\t<\/a>\n\t\t\t\t\t\t\t<\/div>\n\t\t\t\t\t\t<h4 class=\"uagb-post__title uagb-post__text\">\n\t\t\t\t<a href=\"https:\/\/braziloffbeat.com\/es\/cosas-para-hacer-en-sao-paulo\/\" target=\"_self\" rel=\"bookmark noopener noreferrer\">25 Mejores Cosas para Hacer en S\u00e3o Paulo<\/a>\n\t\t\t<\/h4>\n\t\t\t\t\t\t<div class='uagb-post__text uagb-post-grid-byline'>\n\t\t\t\t\t\t\t<\/div>\n\t\t\t\n\t\t\t\t\t\t\t\t\t<\/article>\n\t\t\t\t\t\t\t\t\t\t\t\t\t\t\t\t<article class=\"uagb-post__inner-wrap\">\t\t\t\t\t\t\t\t<h4 class=\"uagb-post__title uagb-post__text\">\n\t\t\t\t<a href=\"https:\/\/braziloffbeat.com\/es\/mejores-hoteles-en-salvador-brasil\/\" target=\"_self\" rel=\"bookmark noopener noreferrer\">Mejores Hoteles en Salvador Brasil (2026): La Gu\u00eda Para Elegir Bien<\/a>\n\t\t\t<\/h4>\n\t\t\t\t\t\t<div class='uagb-post__text uagb-post-grid-byline'>\n\t\t\t\t\t\t\t<\/div>\n\t\t\t\n\t\t\t\t\t\t\t\t\t<\/article>\n\t\t\t\t\t\t\t\t\t\t\t\t\t\t\t\t<article class=\"uagb-post__inner-wrap\">\t\t\t\t\t\t\t\t<div class='uagb-post__image'>\n\t\t\t\t\t\t\t\t\t<a href=\"https:\/\/braziloffbeat.com\/es\/mejores-zonas-para-alojarse-en-salvador-brasil\/\" target=\"_self\" rel=\"bookmark noopener noreferrer\" class='uagb-image-ratio-2-3'><img decoding=\"async\" width=\"1024\" height=\"682\" src=\"https:\/\/braziloffbeat.com\/wp-content\/uploads\/2025\/08\/view-of-salvador-brazil-1024x682.jpg\" class=\"attachment-large size-large\" alt=\"\" srcset=\"https:\/\/braziloffbeat.com\/wp-content\/uploads\/2025\/08\/view-of-salvador-brazil-1024x682.jpg 1024w, https:\/\/braziloffbeat.com\/wp-content\/uploads\/2025\/08\/view-of-salvador-brazil-300x200.jpg 300w, https:\/\/braziloffbeat.com\/wp-content\/uploads\/2025\/08\/view-of-salvador-brazil-768x512.jpg 768w, https:\/\/braziloffbeat.com\/wp-content\/uploads\/2025\/08\/view-of-salvador-brazil.jpg 1280w\" sizes=\"(max-width: 1024px) 100vw, 1024px\">\t\t\t\t\t<\/a>\n\t\t\t\t\t\t\t<\/div>\n\t\t\t\t\t\t<h4 class=\"uagb-post__title uagb-post__text\">\n\t\t\t\t<a href=\"https:\/\/braziloffbeat.com\/es\/mejores-zonas-para-alojarse-en-salvador-brasil\/\" target=\"_self\" rel=\"bookmark noopener noreferrer\">Mejores Zonas para Alojarse en Salvador Brasil: \u00c1reas Destacadas y Hoteles Recomendados<\/a>\n\t\t\t<\/h4>\n\t\t\t\t\t\t<div class='uagb-post__text uagb-post-grid-byline'>\n\t\t\t\t\t\t\t<\/div>\n\t\t\t\n\t\t\t\t\t\t\t\t\t<\/article>\n\t\t\t\t\t\t\t\t\t\t\t\t\t\t\t\t<article class=\"uagb-post__inner-wrap\">\t\t\t\t\t\t\t\t<div class='uagb-post__image'>\n\t\t\t\t\t\t\t\t\t<a href=\"https:\/\/braziloffbeat.com\/es\/mejores-cosas-que-hacer-en-salvador-brasil\/\" target=\"_self\" rel=\"bookmark noopener noreferrer\" class='uagb-image-ratio-2-3'><img decoding=\"async\" width=\"1024\" height=\"682\" src=\"https:\/\/braziloffbeat.com\/wp-content\/uploads\/2025\/06\/view-of-sunset-and-sea-salvador-brazil-1024x682.jpg\" class=\"attachment-large size-large\" alt=\"\" srcset=\"https:\/\/braziloffbeat.com\/wp-content\/uploads\/2025\/06\/view-of-sunset-and-sea-salvador-brazil-1024x682.jpg 1024w, https:\/\/braziloffbeat.com\/wp-content\/uploads\/2025\/06\/view-of-sunset-and-sea-salvador-brazil-300x200.jpg 300w, https:\/\/braziloffbeat.com\/wp-content\/uploads\/2025\/06\/view-of-sunset-and-sea-salvador-brazil-768x512.jpg 768w, https:\/\/braziloffbeat.com\/wp-content\/uploads\/2025\/06\/view-of-sunset-and-sea-salvador-brazil.jpg 1280w\" sizes=\"(max-width: 1024px) 100vw, 1024px\">\t\t\t\t\t<\/a>\n\t\t\t\t\t\t\t<\/div>\n\t\t\t\t\t\t<h4 class=\"uagb-post__title uagb-post__text\">\n\t\t\t\t<a href=\"https:\/\/braziloffbeat.com\/es\/mejores-cosas-que-hacer-en-salvador-brasil\/\" target=\"_self\" rel=\"bookmark noopener noreferrer\">19 Mejores Cosas que Hacer en Salvador Brasil<\/a>\n\t\t\t<\/h4>\n\t\t\t\t\t\t<div class='uagb-post__text uagb-post-grid-byline'>\n\t\t\t\t\t\t\t<\/div>\n\t\t\t\n\t\t\t\t\t\t\t\t\t<\/article>\n\t\t\t\t\t\t\t\t\t\t\t\t\t\t\t\t<article class=\"uagb-post__inner-wrap\">\t\t\t\t\t\t\t\t<div class='uagb-post__image'>\n\t\t\t\t\t\t\t\t\t<a href=\"https:\/\/braziloffbeat.com\/es\/mejores-restaurantes-en-salvador-brasil\/\" target=\"_self\" rel=\"bookmark noopener noreferrer\" class='uagb-image-ratio-2-3'><img decoding=\"async\" width=\"1024\" height=\"537\" src=\"https:\/\/braziloffbeat.com\/wp-content\/uploads\/2025\/02\/pereira-restaurant-barra-salvador-bahia-1024x537.jpg\" class=\"attachment-large size-large\" alt=\"\" srcset=\"https:\/\/braziloffbeat.com\/wp-content\/uploads\/2025\/02\/pereira-restaurant-barra-salvador-bahia-1024x537.jpg 1024w, https:\/\/braziloffbeat.com\/wp-content\/uploads\/2025\/02\/pereira-restaurant-barra-salvador-bahia-300x157.jpg 300w, https:\/\/braziloffbeat.com\/wp-content\/uploads\/2025\/02\/pereira-restaurant-barra-salvador-bahia-768x402.jpg 768w, https:\/\/braziloffbeat.com\/wp-content\/uploads\/2025\/02\/pereira-restaurant-barra-salvador-bahia.jpg 1080w\" sizes=\"(max-width: 1024px) 100vw, 1024px\">\t\t\t\t\t<\/a>\n\t\t\t\t\t\t\t<\/div>\n\t\t\t\t\t\t<h4 class=\"uagb-post__title uagb-post__text\">\n\t\t\t\t<a href=\"https:\/\/braziloffbeat.com\/es\/mejores-restaurantes-en-salvador-brasil\/\" target=\"_self\" rel=\"bookmark noopener noreferrer\">Gu\u00eda completa de viaje a Salvador (2026)<\/a>\n\t\t\t<\/h4>\n\t\t\t\t\t\t<div class='uagb-post__text uagb-post-grid-byline'>\n\t\t\t\t\t\t\t<\/div>\n\t\t\t\n\t\t\t\t\t\t\t\t\t<\/article>\n\t\t\t\t\t\t\t\t\t\t\t<\/div>\n\t\t\t<\/div><\/div>\n\n<div class=\"wp-block-uagb-container uagb-block-823ec0b8 alignfull uagb-is-root-container\"><div class=\"uagb-container-inner-blocks-wrap\">\n<div class=\"wp-block-uagb-advanced-heading uagb-block-d12b5d1c\"><h3 class=\"uagb-heading-text\">Suscr\u00edbase Ahora para Obtener los Mejores Consejos de Viaje para explorar Brasil<\/h3><p class=\"uagb-desc-text\">Obtenga consejos de viaje de expertos, itinerarios detallados y recomendaciones privilegiadas para su viaje.<\/p><\/div>\n\n\n\n<div class=\"wp-block-uagb-forms uagb-forms__outer-wrap uagb-block-6cf6edab uagb-forms__medium-btn\"><form class=\"uagb-forms-main-form\" method=\"post\" autocomplete=\"on\" name=\"uagb-form-6cf6edab\">\n<div class=\"wp-block-uagb-forms-name uagb-forms-name-wrap uagb-forms-field-set uagb-block-8dd3e827\"><div class=\"uagb-forms-name-label required uagb-forms-input-label\" id=\"8dd3e827\">Nombre<\/div><input type=\"text\" placeholder=\"Su Nombre*\" required=\"\" class=\"uagb-forms-name-input uagb-forms-input\" name=\"8dd3e827\" autocomplete=\"name\"><\/div>\n\n\n\n<div class=\"wp-block-uagb-forms-email uagb-forms-email-wrap uagb-forms-field-set uagb-block-141757f9\"><div class=\"uagb-forms-email-label uagb-forms-input-label\" id=\"141757f9\">Correo electr\u00f3nico<\/div><input type=\"email\" class=\"uagb-forms-email-input uagb-forms-input\" placeholder=\"Su Correo Electr\u00f3nico*\" name=\"141757f9\" autocomplete=\"email\"><\/div>\n<div class=\"uagb-forms-form-hidden-data\"><input type=\"hidden\" class=\"uagb_forms_form_label\" value=\"Spectra Form\"\/><input type=\"hidden\" class=\"uagb_forms_form_id\" value=\"uagb-form-6cf6edab\"\/><\/div><div class=\"uagb-form-reacaptcha-error-6cf6edab\"><\/div><div class=\"uagb-forms-main-submit-button-wrap wp-block-button\"><button class=\"uagb-forms-main-submit-button wp-block-button__link\"><div class=\"uagb-forms-main-submit-button-text\">Enviar<\/div><\/button><\/div><\/form><div class=\"uagb-forms-success-message-6cf6edab uagb-forms-submit-message-hide\"><span>The form has been submitted successfully!<\/span><\/div><div class=\"uagb-forms-failed-message-6cf6edab uagb-forms-submit-message-hide\"><span>There has been some error while submitting the form. Please verify all form fields again.<\/span><\/div><\/div>\n<\/div><\/div>\n","protected":false},"excerpt":{"rendered":"<p>Descubra la Riqueza de Brasil Bienvenido a Brazil Offbeat Desbloquee los secretos de Brasil con nuestras perspectivas, consejos y recomendaciones [&hellip;]<\/p>\n","protected":false},"author":1,"featured_media":0,"parent":0,"menu_order":0,"comment_status":"closed","ping_status":"closed","template":"","meta":{"_editorskit_title_hidden":false,"_editorskit_reading_time":0,"_editorskit_is_block_options_detached":false,"_editorskit_block_options_position":"{}","_uag_custom_page_level_css":"","site-sidebar-layout":"no-sidebar","site-content-layout":"plain-container","ast-site-content-layout":"normal-width-container","site-content-style":"unboxed","site-sidebar-style":"unboxed","ast-global-header-display":"","ast-banner-title-visibility":"","ast-main-header-display":"","ast-hfb-above-header-display":"","ast-hfb-below-header-display":"","ast-hfb-mobile-header-display":"","site-post-title":"disabled","ast-breadcrumbs-content":"","ast-featured-img":"disabled","footer-sml-layout":"","ast-disable-related-posts":"","theme-transparent-header-meta":"default","adv-header-id-meta":"","stick-header-meta":"","header-above-stick-meta":"","header-main-stick-meta":"","header-below-stick-meta":"","astra-migrate-meta-layouts":"set","ast-page-background-enabled":"default","ast-page-background-meta":{"desktop":{"background-color":"","background-image":"","background-repeat":"repeat","background-position":"center center","background-size":"auto","background-attachment":"scroll","background-type":"","background-media":"","overlay-type":"","overlay-color":"","overlay-opacity":"","overlay-gradient":""},"tablet":{"background-color":"","background-image":"","background-repeat":"repeat","background-position":"center center","background-size":"auto","background-attachment":"scroll","background-type":"","background-media":"","overlay-type":"","overlay-color":"","overlay-opacity":"","overlay-gradient":""},"mobile":{"background-color":"","background-image":"","background-repeat":"repeat","background-position":"center center","background-size":"auto","background-attachment":"scroll","background-type":"","background-media":"","overlay-type":"","overlay-color":"","overlay-opacity":"","overlay-gradient":""}},"ast-content-background-meta":{"desktop":{"background-color":"var(--ast-global-color-5)","background-image":"","background-repeat":"repeat","background-position":"center center","background-size":"auto","background-attachment":"scroll","background-type":"","background-media":"","overlay-type":"","overlay-color":"","overlay-opacity":"","overlay-gradient":""},"tablet":{"background-color":"var(--ast-global-color-5)","background-image":"","background-repeat":"repeat","background-position":"center center","background-size":"auto","background-attachment":"scroll","background-type":"","background-media":"","overlay-type":"","overlay-color":"","overlay-opacity":"","overlay-gradient":""},"mobile":{"background-color":"var(--ast-global-color-5)","background-image":"","background-repeat":"repeat","background-position":"center center","background-size":"auto","background-attachment":"scroll","background-type":"","background-media":"","overlay-type":"","overlay-color":"","overlay-opacity":"","overlay-gradient":""}},"_wp_convertkit_post_meta":{"form":"-1","landing_page":"0","tag":"0","restrict_content":"0"},"footnotes":""},"class_list":["post-5054","page","type-page","status-publish","hentry"],"uagb_featured_image_src":{"full":false,"thumbnail":false,"medium":false,"medium_large":false,"large":false,"1536x1536":false,"2048x2048":false},"uagb_author_info":{"display_name":"Evelize Queiroz","author_link":"https:\/\/braziloffbeat.com\/es\/author\/braziloffbeat-com\/"},"uagb_comment_info":0,"uagb_excerpt":"Descubra la Riqueza de Brasil Bienvenido a Brazil Offbeat Desbloquee los secretos de Brasil con nuestras perspectivas, consejos y recomendaciones [&hellip;]","_links":{"self":[{"href":"https:\/\/braziloffbeat.com\/es\/wp-json\/wp\/v2\/pages\/5054","targetHints":{"allow":["GET"]}}],"collection":[{"href":"https:\/\/braziloffbeat.com\/es\/wp-json\/wp\/v2\/pages"}],"about":[{"href":"https:\/\/braziloffbeat.com\/es\/wp-json\/wp\/v2\/types\/page"}],"author":[{"embeddable":true,"href":"https:\/\/braziloffbeat.com\/es\/wp-json\/wp\/v2\/users\/1"}],"replies":[{"embeddable":true,"href":"https:\/\/braziloffbeat.com\/es\/wp-json\/wp\/v2\/comments?post=5054"}],"version-history":[{"count":12,"href":"https:\/\/braziloffbeat.com\/es\/wp-json\/wp\/v2\/pages\/5054\/revisions"}],"predecessor-version":[{"id":5794,"href":"https:\/\/braziloffbeat.com\/es\/wp-json\/wp\/v2\/pages\/5054\/revisions\/5794"}],"wp:attachment":[{"href":"https:\/\/braziloffbeat.com\/es\/wp-json\/wp\/v2\/media?parent=5054"}],"curies":[{"name":"wp","href":"https:\/\/api.w.org\/{rel}","templated":true}]}}