{"id":6158,"date":"2026-01-13T15:18:45","date_gmt":"2026-01-13T18:18:45","guid":{"rendered":"https:\/\/braziloffbeat.com\/sao-paulo\/"},"modified":"2026-01-26T23:07:01","modified_gmt":"2026-01-27T02:07:01","slug":"sao-paulo","status":"publish","type":"page","link":"https:\/\/braziloffbeat.com\/es\/sao-paulo\/","title":{"rendered":"Sao Paulo"},"content":{"rendered":"\n<div class=\"wp-block-uagb-container uagb-block-9bcb0ed6 alignfull uagb-is-root-container\"><div class=\"uagb-container-inner-blocks-wrap\">\n<div class=\"wp-block-uagb-advanced-heading uagb-block-eda82693\"><h1 class=\"uagb-heading-text\"><strong>Sao Paulo<\/strong><\/h1><\/div>\n<\/div><\/div>\n\n<p><\/p>\n\n<div class=\"wp-block-uagb-container uagb-block-60683e72 alignfull uagb-is-root-container\"><div class=\"uagb-container-inner-blocks-wrap\">\n<div class=\"wp-block-uagb-advanced-heading uagb-block-4ac3f936\"><h2 class=\"uagb-heading-text\">Tu gu\u00eda esencial de viaje a S\u00e3o Paulo<\/h2><div class=\"uagb-separator\"><\/div><\/div>\n<\/div><\/div>\n\n<div class=\"wp-block-uagb-container uagb-block-822bddd0 alignfull uagb-is-root-container\"><div class=\"uagb-container-inner-blocks-wrap\">\n<div class=\"wp-block-uagb-container uagb-block-3f40ecac\">\n<div class=\"wp-block-uagb-image uagb-block-ef52f073 wp-block-uagb-image--layout-default wp-block-uagb-image--effect-static wp-block-uagb-image--align-none\"><figure class=\"wp-block-uagb-image__figure\"><img decoding=\"async\" srcset=\"https:\/\/braziloffbeat.com\/wp-content\/uploads\/2025\/01\/Sao-Paulo-Travel-Guide-1024x682.jpg ,https:\/\/braziloffbeat.com\/wp-content\/uploads\/2025\/01\/Sao-Paulo-Travel-Guide.jpg 780w, https:\/\/braziloffbeat.com\/wp-content\/uploads\/2025\/01\/Sao-Paulo-Travel-Guide.jpg 360w\" sizes=\"auto, (max-width: 480px) 150px\" src=\"https:\/\/braziloffbeat.com\/wp-content\/uploads\/2025\/01\/Sao-Paulo-Travel-Guide-1024x682.jpg\" alt=\"Gu\u00eda de Viaje de S\u00e3o Paulo\" class=\"uag-image-4287\" width=\"1024\" height=\"768\" title=\"Gu\u00eda de Viaje de S\u00e3o Paulo\" loading=\"lazy\" role=\"img\"><\/figure><\/div>\n\n\n\n<div class=\"wp-block-uagb-advanced-heading uagb-block-29515746\"><h2 class=\"uagb-heading-text\"><a href=\"https:\/\/braziloffbeat.com\/es\/sao-paulo-travel-guide-2\/\" target=\"_blank\" data-type=\"post\" data-id=\"4283\" rel=\"noreferrer noopener\">Gu\u00eda de Viaje de S\u00e3o Paulo (2026) <\/a>     <\/h2><\/div>\n<\/div>\n\n\n\n<div class=\"wp-block-uagb-container uagb-block-9e84c1d5\">\n<div class=\"wp-block-uagb-image uagb-block-0fbc079e wp-block-uagb-image--layout-default wp-block-uagb-image--effect-static wp-block-uagb-image--align-none\"><figure class=\"wp-block-uagb-image__figure\"><img decoding=\"async\" srcset=\"https:\/\/braziloffbeat.com\/wp-content\/uploads\/2026\/01\/View-of-Sao-Paulo-1-1024x768.jpeg ,https:\/\/braziloffbeat.com\/wp-content\/uploads\/2026\/01\/View-of-Sao-Paulo-1.jpeg 780w, https:\/\/braziloffbeat.com\/wp-content\/uploads\/2026\/01\/View-of-Sao-Paulo-1.jpeg 360w\" sizes=\"auto, (max-width: 480px) 150px\" src=\"https:\/\/braziloffbeat.com\/wp-content\/uploads\/2026\/01\/View-of-Sao-Paulo-1-1024x768.jpeg\" alt=\"\" class=\"uag-image-6078\" width=\"1024\" height=\"768\" title=\"vista-de-S\u00e3o-Paulo\" loading=\"lazy\" role=\"img\"><\/figure><\/div>\n\n\n\n<div class=\"wp-block-uagb-advanced-heading uagb-block-53080a2a\"><h2 class=\"uagb-heading-text\"><a href=\"https:\/\/braziloffbeat.com\/es\/cosas-para-hacer-en-sao-paulo\/\" target=\"_blank\" data-type=\"post\" data-id=\"6042\" rel=\"noreferrer noopener\">25 Mejores Cosas para Hacer en S\u00e3o Paulo<\/a><\/h2><\/div>\n<\/div>\n\n\n\n<div class=\"wp-block-uagb-container uagb-block-7d822f63\"><\/div>\n<\/div><\/div>\n\n<div class=\"wp-block-uagb-container uagb-block-3823f467 alignfull uagb-is-root-container\"><div class=\"uagb-container-inner-blocks-wrap\">\n<div class=\"wp-block-uagb-advanced-heading uagb-block-08ad7e49\"><h2 class=\"uagb-heading-text\">Suscr\u00edbase Ahora para Obtener los <mark style=\"background-color:rgba(0, 0, 0, 0);color:#ea6600\" class=\"has-inline-color\">Mejores Consejos de Viaje<\/mark> para explorar Brasil<\/h2><p class=\"uagb-desc-text\">Obtenga consejos de viaje de expertos, itinerarios detallados y recomendaciones privilegiadas para su viaje.<\/p><\/div>\n\n\n\n<div class=\"wp-block-uagb-forms uagb-forms__outer-wrap uagb-block-411efaf9 uagb-forms__medium-btn\"><form class=\"uagb-forms-main-form\" method=\"post\" autocomplete=\"on\" name=\"uagb-form-411efaf9\">\n<div class=\"wp-block-uagb-forms-name uagb-forms-name-wrap uagb-forms-field-set uagb-block-ec412330\"><div class=\"uagb-forms-name-label required uagb-forms-input-label\" id=\"ec412330\">Nombre<\/div><input type=\"text\" placeholder=\"Su Nombre*\" required=\"\" class=\"uagb-forms-name-input uagb-forms-input\" name=\"ec412330\" autocomplete=\"name\"><\/div>\n\n\n\n<div class=\"wp-block-uagb-forms-email uagb-forms-email-wrap uagb-forms-field-set uagb-block-4f48a8dc\"><div class=\"uagb-forms-email-label required uagb-forms-input-label\" id=\"4f48a8dc\">Correo electr\u00f3nico<\/div><input type=\"email\" class=\"uagb-forms-email-input uagb-forms-input\" placeholder=\"Su Correo Electr\u00f3nico*\" required=\"\" name=\"4f48a8dc\" autocomplete=\"email\"><\/div>\n<div class=\"uagb-forms-form-hidden-data\"><input type=\"hidden\" class=\"uagb_forms_form_label\" value=\"Spectra Form\"\/><input type=\"hidden\" class=\"uagb_forms_form_id\" value=\"uagb-form-411efaf9\"\/><\/div><div class=\"uagb-form-reacaptcha-error-411efaf9\"><\/div><div class=\"uagb-forms-main-submit-button-wrap wp-block-button\"><button class=\"uagb-forms-main-submit-button wp-block-button__link\"><div class=\"uagb-forms-main-submit-button-text\">Enviar<\/div><\/button><\/div><\/form><div class=\"uagb-forms-success-message-411efaf9 uagb-forms-submit-message-hide\"><span>The form has been submitted successfully!<\/span><\/div><div class=\"uagb-forms-failed-message-411efaf9 uagb-forms-submit-message-hide\"><span>There has been some error while submitting the form. Please verify all form fields again.<\/span><\/div><\/div>\n<\/div><\/div>\n\n<p><\/p>\n","protected":false},"excerpt":{"rendered":"<p>Sao Paulo Tu gu\u00eda esencial de viaje a S\u00e3o Paulo Gu\u00eda de Viaje de S\u00e3o Paulo (2026) 25 Mejores Cosas [&hellip;]<\/p>\n","protected":false},"author":1,"featured_media":6157,"parent":0,"menu_order":0,"comment_status":"closed","ping_status":"closed","template":"","meta":{"_editorskit_title_hidden":false,"_editorskit_reading_time":0,"_editorskit_is_block_options_detached":false,"_editorskit_block_options_position":"{}","_uag_custom_page_level_css":"","site-sidebar-layout":"default","site-content-layout":"","ast-site-content-layout":"default","site-content-style":"default","site-sidebar-style":"default","ast-global-header-display":"","ast-banner-title-visibility":"","ast-main-header-display":"","ast-hfb-above-header-display":"","ast-hfb-below-header-display":"","ast-hfb-mobile-header-display":"","site-post-title":"","ast-breadcrumbs-content":"","ast-featured-img":"disabled","footer-sml-layout":"","ast-disable-related-posts":"","theme-transparent-header-meta":"","adv-header-id-meta":"","stick-header-meta":"","header-above-stick-meta":"","header-main-stick-meta":"","header-below-stick-meta":"","astra-migrate-meta-layouts":"default","ast-page-background-enabled":"default","ast-page-background-meta":{"desktop":{"background-color":"","background-image":"","background-repeat":"repeat","background-position":"center center","background-size":"auto","background-attachment":"scroll","background-type":"","background-media":"","overlay-type":"","overlay-color":"","overlay-opacity":"","overlay-gradient":""},"tablet":{"background-color":"","background-image":"","background-repeat":"repeat","background-position":"center center","background-size":"auto","background-attachment":"scroll","background-type":"","background-media":"","overlay-type":"","overlay-color":"","overlay-opacity":"","overlay-gradient":""},"mobile":{"background-color":"","background-image":"","background-repeat":"repeat","background-position":"center center","background-size":"auto","background-attachment":"scroll","background-type":"","background-media":"","overlay-type":"","overlay-color":"","overlay-opacity":"","overlay-gradient":""}},"ast-content-background-meta":{"desktop":{"background-color":"var(--ast-global-color-5)","background-image":"","background-repeat":"repeat","background-position":"center center","background-size":"auto","background-attachment":"scroll","background-type":"","background-media":"","overlay-type":"","overlay-color":"","overlay-opacity":"","overlay-gradient":""},"tablet":{"background-color":"var(--ast-global-color-5)","background-image":"","background-repeat":"repeat","background-position":"center center","background-size":"auto","background-attachment":"scroll","background-type":"","background-media":"","overlay-type":"","overlay-color":"","overlay-opacity":"","overlay-gradient":""},"mobile":{"background-color":"var(--ast-global-color-5)","background-image":"","background-repeat":"repeat","background-position":"center center","background-size":"auto","background-attachment":"scroll","background-type":"","background-media":"","overlay-type":"","overlay-color":"","overlay-opacity":"","overlay-gradient":""}},"_wp_convertkit_post_meta":{"form":"-1","landing_page":"0","tag":"0","restrict_content":"0"},"footnotes":""},"class_list":["post-6158","page","type-page","status-publish","has-post-thumbnail","hentry"],"uagb_featured_image_src":{"full":["https:\/\/braziloffbeat.com\/wp-content\/uploads\/2026\/01\/view-of-sao-paulo.jpg",1280,853,false],"thumbnail":["https:\/\/braziloffbeat.com\/wp-content\/uploads\/2026\/01\/view-of-sao-paulo-150x150.jpg",150,150,true],"medium":["https:\/\/braziloffbeat.com\/wp-content\/uploads\/2026\/01\/view-of-sao-paulo-300x200.jpg",300,200,true],"medium_large":["https:\/\/braziloffbeat.com\/wp-content\/uploads\/2026\/01\/view-of-sao-paulo-768x512.jpg",768,512,true],"large":["https:\/\/braziloffbeat.com\/wp-content\/uploads\/2026\/01\/view-of-sao-paulo-1024x682.jpg",1024,682,true],"1536x1536":["https:\/\/braziloffbeat.com\/wp-content\/uploads\/2026\/01\/view-of-sao-paulo.jpg",1280,853,false],"2048x2048":["https:\/\/braziloffbeat.com\/wp-content\/uploads\/2026\/01\/view-of-sao-paulo.jpg",1280,853,false]},"uagb_author_info":{"display_name":"Evelize Queiroz","author_link":"https:\/\/braziloffbeat.com\/es\/author\/braziloffbeat-com\/"},"uagb_comment_info":0,"uagb_excerpt":"Sao Paulo Tu gu\u00eda esencial de viaje a S\u00e3o Paulo Gu\u00eda de Viaje de S\u00e3o Paulo (2026) 25 Mejores Cosas [&hellip;]","_links":{"self":[{"href":"https:\/\/braziloffbeat.com\/es\/wp-json\/wp\/v2\/pages\/6158","targetHints":{"allow":["GET"]}}],"collection":[{"href":"https:\/\/braziloffbeat.com\/es\/wp-json\/wp\/v2\/pages"}],"about":[{"href":"https:\/\/braziloffbeat.com\/es\/wp-json\/wp\/v2\/types\/page"}],"author":[{"embeddable":true,"href":"https:\/\/braziloffbeat.com\/es\/wp-json\/wp\/v2\/users\/1"}],"replies":[{"embeddable":true,"href":"https:\/\/braziloffbeat.com\/es\/wp-json\/wp\/v2\/comments?post=6158"}],"version-history":[{"count":2,"href":"https:\/\/braziloffbeat.com\/es\/wp-json\/wp\/v2\/pages\/6158\/revisions"}],"predecessor-version":[{"id":6324,"href":"https:\/\/braziloffbeat.com\/es\/wp-json\/wp\/v2\/pages\/6158\/revisions\/6324"}],"wp:featuredmedia":[{"embeddable":true,"href":"https:\/\/braziloffbeat.com\/es\/wp-json\/wp\/v2\/media\/6157"}],"wp:attachment":[{"href":"https:\/\/braziloffbeat.com\/es\/wp-json\/wp\/v2\/media?parent=6158"}],"curies":[{"name":"wp","href":"https:\/\/api.w.org\/{rel}","templated":true}]}}